{"id":645,"date":"2019-10-09T13:40:23","date_gmt":"2019-10-09T11:40:23","guid":{"rendered":"https:\/\/networks.imdea.org\/?page_id=645"},"modified":"2020-10-20T09:33:29","modified_gmt":"2020-10-20T07:33:29","slug":"grupos-de-investigacion","status":"publish","type":"page","link":"https:\/\/networks.imdea.org\/es\/equipo\/grupos-de-investigacion\/","title":{"rendered":"Grupos de Investigaci\u00f3n"},"content":{"rendered":"<p><\/p>\n<p class=\"p1\"><span class=\"s1\">Los <\/span><span class=\"s2\"><b>investigadores de IMDEA Networks<\/b><\/span><span class=\"s1\"> se organizan en grupos de investigaci\u00f3n y laboratorios. \u00c9stos van a evolucionar y a adaptarse de acuerdo a nuestras prioridades operativas, con el fin de garantizar la pertinencia y el car\u00e1cter innovador de nuestro trabajo cient\u00edfico. Cada uno de nuestros investigadores lidera un grupo de investigaci\u00f3n y, al mismo tiempo, varios investigadores pueden unir sus grupos de investigaci\u00f3n para formar un laboratorio mayor, enfocado a un \u00e1rea de inter\u00e9s particular.<\/span><\/p>\n<p><\/p>","protected":false},"excerpt":{"rendered":"Los investigadores de IMDEA Networks se organizan en grupos de investigaci\u00f3n y laboratorios. \u00c9stos van a evolucionar y a adaptarse de acuerdo a nuestras prioridades operativas, con el fin de garantizar la pertinencia y el car\u00e1cter innovador de nuestro trabajo cient\u00edfico. Cada uno de nuestros investigadores lidera un grupo de investigaci\u00f3n y, al mismo tiempo,&#8230;","protected":false},"author":1,"featured_media":0,"parent":641,"menu_order":2,"comment_status":"closed","ping_status":"closed","template":"","meta":{"_acf_changed":false,"footnotes":""},"class_list":["post-645","page","type-page","status-publish","hentry"],"acf":[],"yoast_head":"<!-- This site is optimized with the Yoast SEO plugin v27.1.1 - https:\/\/yoast.com\/product\/yoast-seo-wordpress\/ -->\n<title>Grupos de Investigaci\u00f3n - IMDEA Networks<\/title>\n<meta name=\"robots\" content=\"index, follow, max-snippet:-1, max-image-preview:large, max-video-preview:-1\" \/>\n<link rel=\"canonical\" href=\"https:\/\/networks.imdea.org\/es\/team\/research-groups\/\" \/>\n<meta property=\"og:locale\" content=\"es_ES\" \/>\n<meta property=\"og:type\" content=\"article\" \/>\n<meta property=\"og:title\" content=\"Grupos de Investigaci\u00f3n - IMDEA Networks\" \/>\n<meta property=\"og:description\" content=\"Los investigadores de IMDEA Networks se organizan en grupos de investigaci\u00f3n y laboratorios. \u00c9stos van a evolucionar y a adaptarse de acuerdo a nuestras prioridades operativas, con el fin de garantizar la pertinencia y el car\u00e1cter innovador de nuestro trabajo cient\u00edfico. Cada uno de nuestros investigadores lidera un grupo de investigaci\u00f3n y, al mismo tiempo,...\" \/>\n<meta property=\"og:url\" content=\"https:\/\/networks.imdea.org\/es\/team\/research-groups\/\" \/>\n<meta property=\"og:site_name\" content=\"IMDEA Networks\" \/>\n<meta property=\"article:modified_time\" content=\"2020-10-20T07:33:29+00:00\" \/>\n<meta name=\"twitter:card\" content=\"summary_large_image\" \/>\n<meta name=\"twitter:label1\" content=\"Tiempo de lectura\" \/>\n\t<meta name=\"twitter:data1\" content=\"1 minuto\" \/>\n<script type=\"application\/ld+json\" class=\"yoast-schema-graph\">{\"@context\":\"https:\/\/schema.org\",\"@graph\":[{\"@type\":\"WebPage\",\"@id\":\"https:\/\/networks.imdea.org\/es\/team\/research-groups\/\",\"url\":\"https:\/\/networks.imdea.org\/es\/team\/research-groups\/\",\"name\":\"Grupos de Investigaci\u00f3n - IMDEA Networks\",\"isPartOf\":{\"@id\":\"https:\/\/networks.imdea.org\/es\/#website\"},\"datePublished\":\"2019-10-09T11:40:23+00:00\",\"dateModified\":\"2020-10-20T07:33:29+00:00\",\"breadcrumb\":{\"@id\":\"https:\/\/networks.imdea.org\/es\/team\/research-groups\/#breadcrumb\"},\"inLanguage\":\"es\",\"potentialAction\":[{\"@type\":\"ReadAction\",\"target\":[[\"https:\/\/networks.imdea.org\/es\/team\/research-groups\/\"]]}]},{\"@type\":\"BreadcrumbList\",\"@id\":\"https:\/\/networks.imdea.org\/es\/team\/research-groups\/#breadcrumb\",\"itemListElement\":[{\"@type\":\"ListItem\",\"position\":1,\"name\":\"Home\",\"item\":\"https:\/\/networks.imdea.org\/es\/\"},{\"@type\":\"ListItem\",\"position\":2,\"name\":\"Team\",\"item\":\"https:\/\/networks.imdea.org\/es\/team\/\"},{\"@type\":\"ListItem\",\"position\":3,\"name\":\"Research groups\"}]},{\"@type\":\"WebSite\",\"@id\":\"https:\/\/networks.imdea.org\/es\/#website\",\"url\":\"https:\/\/networks.imdea.org\/es\/\",\"name\":\"IMDEA Networks\",\"description\":\"IMDEA Networks Multisite\",\"potentialAction\":[{\"@type\":\"SearchAction\",\"target\":{\"@type\":\"EntryPoint\",\"urlTemplate\":\"https:\/\/networks.imdea.org\/es\/?s={search_term_string}\"},\"query-input\":{\"@type\":\"PropertyValueSpecification\",\"valueRequired\":true,\"valueName\":\"search_term_string\"}}],\"inLanguage\":\"es\"}]}<\/script>\n<!-- \/ Yoast SEO plugin. -->","yoast_head_json":{"title":"Grupos de Investigaci\u00f3n - IMDEA Networks","robots":{"index":"index","follow":"follow","max-snippet":"max-snippet:-1","max-image-preview":"max-image-preview:large","max-video-preview":"max-video-preview:-1"},"canonical":"https:\/\/networks.imdea.org\/es\/team\/research-groups\/","og_locale":"es_ES","og_type":"article","og_title":"Grupos de Investigaci\u00f3n - IMDEA Networks","og_description":"Los investigadores de IMDEA Networks se organizan en grupos de investigaci\u00f3n y laboratorios. \u00c9stos van a evolucionar y a adaptarse de acuerdo a nuestras prioridades operativas, con el fin de garantizar la pertinencia y el car\u00e1cter innovador de nuestro trabajo cient\u00edfico. Cada uno de nuestros investigadores lidera un grupo de investigaci\u00f3n y, al mismo tiempo,...","og_url":"https:\/\/networks.imdea.org\/es\/team\/research-groups\/","og_site_name":"IMDEA Networks","article_modified_time":"2020-10-20T07:33:29+00:00","twitter_card":"summary_large_image","twitter_misc":{"Tiempo de lectura":"1 minuto"},"schema":{"@context":"https:\/\/schema.org","@graph":[{"@type":"WebPage","@id":"https:\/\/networks.imdea.org\/es\/team\/research-groups\/","url":"https:\/\/networks.imdea.org\/es\/team\/research-groups\/","name":"Grupos de Investigaci\u00f3n - IMDEA Networks","isPartOf":{"@id":"https:\/\/networks.imdea.org\/es\/#website"},"datePublished":"2019-10-09T11:40:23+00:00","dateModified":"2020-10-20T07:33:29+00:00","breadcrumb":{"@id":"https:\/\/networks.imdea.org\/es\/team\/research-groups\/#breadcrumb"},"inLanguage":"es","potentialAction":[{"@type":"ReadAction","target":[["https:\/\/networks.imdea.org\/es\/team\/research-groups\/"]]}]},{"@type":"BreadcrumbList","@id":"https:\/\/networks.imdea.org\/es\/team\/research-groups\/#breadcrumb","itemListElement":[{"@type":"ListItem","position":1,"name":"Home","item":"https:\/\/networks.imdea.org\/es\/"},{"@type":"ListItem","position":2,"name":"Team","item":"https:\/\/networks.imdea.org\/es\/team\/"},{"@type":"ListItem","position":3,"name":"Research groups"}]},{"@type":"WebSite","@id":"https:\/\/networks.imdea.org\/es\/#website","url":"https:\/\/networks.imdea.org\/es\/","name":"IMDEA Networks","description":"IMDEA Networks Multisite","potentialAction":[{"@type":"SearchAction","target":{"@type":"EntryPoint","urlTemplate":"https:\/\/networks.imdea.org\/es\/?s={search_term_string}"},"query-input":{"@type":"PropertyValueSpecification","valueRequired":true,"valueName":"search_term_string"}}],"inLanguage":"es"}]}},"_links":{"self":[{"href":"https:\/\/networks.imdea.org\/es\/wp-json\/wp\/v2\/pages\/645","targetHints":{"allow":["GET"]}}],"collection":[{"href":"https:\/\/networks.imdea.org\/es\/wp-json\/wp\/v2\/pages"}],"about":[{"href":"https:\/\/networks.imdea.org\/es\/wp-json\/wp\/v2\/types\/page"}],"author":[{"embeddable":true,"href":"https:\/\/networks.imdea.org\/es\/wp-json\/wp\/v2\/users\/1"}],"replies":[{"embeddable":true,"href":"https:\/\/networks.imdea.org\/es\/wp-json\/wp\/v2\/comments?post=645"}],"version-history":[{"count":5,"href":"https:\/\/networks.imdea.org\/es\/wp-json\/wp\/v2\/pages\/645\/revisions"}],"predecessor-version":[{"id":13828,"href":"https:\/\/networks.imdea.org\/es\/wp-json\/wp\/v2\/pages\/645\/revisions\/13828"}],"up":[{"embeddable":true,"href":"https:\/\/networks.imdea.org\/es\/wp-json\/wp\/v2\/pages\/641"}],"wp:attachment":[{"href":"https:\/\/networks.imdea.org\/es\/wp-json\/wp\/v2\/media?parent=645"}],"curies":[{"name":"wp","href":"https:\/\/api.w.org\/{rel}","templated":true}]}}