{"id":506,"date":"2019-10-02T16:41:31","date_gmt":"2019-10-02T14:41:31","guid":{"rendered":"https:\/\/networks.imdea.org\/?page_id=506"},"modified":"2026-03-11T09:51:49","modified_gmt":"2026-03-11T08:51:49","slug":"transparencia","status":"publish","type":"page","link":"https:\/\/networks.imdea.org\/es\/transparencia\/","title":{"rendered":"Transparencia"},"content":{"rendered":"<p><\/p>\n<h2>Informaci\u00f3n institucional<\/h2>\n<p><center><\/center><img loading=\"lazy\" decoding=\"async\" class=\"wp-image-29686 size-full aligncenter\" src=\"https:\/\/networks.imdea.org\/wp-content\/uploads\/2026\/02\/media-file-infografia-organization-structure-2026.png\" alt=\"\" width=\"768\" height=\"968\" \/><\/p>\n<h3><\/h3>\n<h3><a href=\"https:\/\/networks.imdea.org\/wp-content\/uploads\/2021\/01\/media-file-estatutos-fundacion-imdea-networks.pdf\" target=\"_blank\" rel=\"noopener\">Estatutos Fundaci\u00f3n IMDEA Networks<\/a><\/h3>\n<h2>Informaci\u00f3n econ\u00f3mica y estad\u00edstica<\/h2>\n<p><\/p>","protected":false},"excerpt":{"rendered":"Informaci\u00f3n institucional Estatutos Fundaci\u00f3n IMDEA Networks Informaci\u00f3n econ\u00f3mica y estad\u00edstica","protected":false},"author":1,"featured_media":0,"parent":0,"menu_order":28,"comment_status":"closed","ping_status":"closed","template":"","meta":{"_acf_changed":false,"footnotes":""},"class_list":["post-506","page","type-page","status-publish","hentry"],"acf":[],"yoast_head":"<!-- This site is optimized with the Yoast SEO plugin v27.1.1 - https:\/\/yoast.com\/product\/yoast-seo-wordpress\/ -->\n<title>Transparencia - IMDEA Networks<\/title>\n<meta name=\"robots\" content=\"index, follow, max-snippet:-1, max-image-preview:large, max-video-preview:-1\" \/>\n<link rel=\"canonical\" href=\"https:\/\/networks.imdea.org\/es\/transparency\/\" \/>\n<meta property=\"og:locale\" content=\"es_ES\" \/>\n<meta property=\"og:type\" content=\"article\" \/>\n<meta property=\"og:title\" content=\"Transparencia - IMDEA Networks\" \/>\n<meta property=\"og:description\" content=\"Informaci\u00f3n institucional Estatutos Fundaci\u00f3n IMDEA Networks Informaci\u00f3n econ\u00f3mica y estad\u00edstica\" \/>\n<meta property=\"og:url\" content=\"https:\/\/networks.imdea.org\/es\/transparency\/\" \/>\n<meta property=\"og:site_name\" content=\"IMDEA Networks\" \/>\n<meta property=\"article:modified_time\" content=\"2026-03-11T08:51:49+00:00\" \/>\n<meta property=\"og:image\" content=\"https:\/\/networks.imdea.org\/wp-content\/uploads\/2026\/02\/media-file-infografia-organization-structure-2026.png\" \/>\n\t<meta property=\"og:image:width\" content=\"768\" \/>\n\t<meta property=\"og:image:height\" content=\"968\" \/>\n\t<meta property=\"og:image:type\" content=\"image\/png\" \/>\n<meta name=\"twitter:card\" content=\"summary_large_image\" \/>\n<meta name=\"twitter:label1\" content=\"Tiempo de lectura\" \/>\n\t<meta name=\"twitter:data1\" content=\"1 minuto\" \/>\n<script type=\"application\/ld+json\" class=\"yoast-schema-graph\">{\"@context\":\"https:\/\/schema.org\",\"@graph\":[{\"@type\":\"WebPage\",\"@id\":\"https:\/\/networks.imdea.org\/es\/transparency\/\",\"url\":\"https:\/\/networks.imdea.org\/es\/transparency\/\",\"name\":\"Transparencia - IMDEA Networks\",\"isPartOf\":{\"@id\":\"https:\/\/networks.imdea.org\/es\/#website\"},\"primaryImageOfPage\":{\"@id\":\"https:\/\/networks.imdea.org\/es\/transparency\/#primaryimage\"},\"image\":{\"@id\":\"https:\/\/networks.imdea.org\/transparency\/#primaryimage\"},\"thumbnailUrl\":\"https:\/\/networks.imdea.org\/wp-content\/uploads\/2026\/02\/media-file-infografia-organization-structure-2026.png\",\"datePublished\":\"2019-10-02T14:41:31+00:00\",\"dateModified\":\"2026-03-11T08:51:49+00:00\",\"breadcrumb\":{\"@id\":\"https:\/\/networks.imdea.org\/es\/transparency\/#breadcrumb\"},\"inLanguage\":\"es\",\"potentialAction\":[{\"@type\":\"ReadAction\",\"target\":[[\"https:\/\/networks.imdea.org\/es\/transparency\/\"]]}]},{\"@type\":\"ImageObject\",\"inLanguage\":\"es\",\"@id\":\"https:\/\/networks.imdea.org\/es\/transparency\/#primaryimage\",\"url\":\"https:\/\/networks.imdea.org\/wp-content\/uploads\/2026\/02\/media-file-infografia-organization-structure-2026.png\",\"contentUrl\":\"https:\/\/networks.imdea.org\/wp-content\/uploads\/2026\/02\/media-file-infografia-organization-structure-2026.png\"},{\"@type\":\"BreadcrumbList\",\"@id\":\"https:\/\/networks.imdea.org\/es\/transparency\/#breadcrumb\",\"itemListElement\":[{\"@type\":\"ListItem\",\"position\":1,\"name\":\"Home\",\"item\":\"https:\/\/networks.imdea.org\/es\/\"},{\"@type\":\"ListItem\",\"position\":2,\"name\":\"Transparency\"}]},{\"@type\":\"WebSite\",\"@id\":\"https:\/\/networks.imdea.org\/es\/#website\",\"url\":\"https:\/\/networks.imdea.org\/es\/\",\"name\":\"IMDEA Networks\",\"description\":\"IMDEA Networks Multisite\",\"potentialAction\":[{\"@type\":\"SearchAction\",\"target\":{\"@type\":\"EntryPoint\",\"urlTemplate\":\"https:\/\/networks.imdea.org\/es\/?s={search_term_string}\"},\"query-input\":{\"@type\":\"PropertyValueSpecification\",\"valueRequired\":true,\"valueName\":\"search_term_string\"}}],\"inLanguage\":\"es\"}]}<\/script>\n<!-- \/ Yoast SEO plugin. -->","yoast_head_json":{"title":"Transparencia - IMDEA Networks","robots":{"index":"index","follow":"follow","max-snippet":"max-snippet:-1","max-image-preview":"max-image-preview:large","max-video-preview":"max-video-preview:-1"},"canonical":"https:\/\/networks.imdea.org\/es\/transparency\/","og_locale":"es_ES","og_type":"article","og_title":"Transparencia - IMDEA Networks","og_description":"Informaci\u00f3n institucional Estatutos Fundaci\u00f3n IMDEA Networks Informaci\u00f3n econ\u00f3mica y estad\u00edstica","og_url":"https:\/\/networks.imdea.org\/es\/transparency\/","og_site_name":"IMDEA Networks","article_modified_time":"2026-03-11T08:51:49+00:00","og_image":[{"width":768,"height":968,"url":"https:\/\/networks.imdea.org\/wp-content\/uploads\/2026\/02\/media-file-infografia-organization-structure-2026.png","type":"image\/png"}],"twitter_card":"summary_large_image","twitter_misc":{"Tiempo de lectura":"1 minuto"},"schema":{"@context":"https:\/\/schema.org","@graph":[{"@type":"WebPage","@id":"https:\/\/networks.imdea.org\/es\/transparency\/","url":"https:\/\/networks.imdea.org\/es\/transparency\/","name":"Transparencia - IMDEA Networks","isPartOf":{"@id":"https:\/\/networks.imdea.org\/es\/#website"},"primaryImageOfPage":{"@id":"https:\/\/networks.imdea.org\/es\/transparency\/#primaryimage"},"image":{"@id":"https:\/\/networks.imdea.org\/transparency\/#primaryimage"},"thumbnailUrl":"https:\/\/networks.imdea.org\/wp-content\/uploads\/2026\/02\/media-file-infografia-organization-structure-2026.png","datePublished":"2019-10-02T14:41:31+00:00","dateModified":"2026-03-11T08:51:49+00:00","breadcrumb":{"@id":"https:\/\/networks.imdea.org\/es\/transparency\/#breadcrumb"},"inLanguage":"es","potentialAction":[{"@type":"ReadAction","target":[["https:\/\/networks.imdea.org\/es\/transparency\/"]]}]},{"@type":"ImageObject","inLanguage":"es","@id":"https:\/\/networks.imdea.org\/es\/transparency\/#primaryimage","url":"https:\/\/networks.imdea.org\/wp-content\/uploads\/2026\/02\/media-file-infografia-organization-structure-2026.png","contentUrl":"https:\/\/networks.imdea.org\/wp-content\/uploads\/2026\/02\/media-file-infografia-organization-structure-2026.png"},{"@type":"BreadcrumbList","@id":"https:\/\/networks.imdea.org\/es\/transparency\/#breadcrumb","itemListElement":[{"@type":"ListItem","position":1,"name":"Home","item":"https:\/\/networks.imdea.org\/es\/"},{"@type":"ListItem","position":2,"name":"Transparency"}]},{"@type":"WebSite","@id":"https:\/\/networks.imdea.org\/es\/#website","url":"https:\/\/networks.imdea.org\/es\/","name":"IMDEA Networks","description":"IMDEA Networks Multisite","potentialAction":[{"@type":"SearchAction","target":{"@type":"EntryPoint","urlTemplate":"https:\/\/networks.imdea.org\/es\/?s={search_term_string}"},"query-input":{"@type":"PropertyValueSpecification","valueRequired":true,"valueName":"search_term_string"}}],"inLanguage":"es"}]}},"_links":{"self":[{"href":"https:\/\/networks.imdea.org\/es\/wp-json\/wp\/v2\/pages\/506","targetHints":{"allow":["GET"]}}],"collection":[{"href":"https:\/\/networks.imdea.org\/es\/wp-json\/wp\/v2\/pages"}],"about":[{"href":"https:\/\/networks.imdea.org\/es\/wp-json\/wp\/v2\/types\/page"}],"author":[{"embeddable":true,"href":"https:\/\/networks.imdea.org\/es\/wp-json\/wp\/v2\/users\/1"}],"replies":[{"embeddable":true,"href":"https:\/\/networks.imdea.org\/es\/wp-json\/wp\/v2\/comments?post=506"}],"version-history":[{"count":11,"href":"https:\/\/networks.imdea.org\/es\/wp-json\/wp\/v2\/pages\/506\/revisions"}],"predecessor-version":[{"id":29727,"href":"https:\/\/networks.imdea.org\/es\/wp-json\/wp\/v2\/pages\/506\/revisions\/29727"}],"wp:attachment":[{"href":"https:\/\/networks.imdea.org\/es\/wp-json\/wp\/v2\/media?parent=506"}],"curies":[{"name":"wp","href":"https:\/\/api.w.org\/{rel}","templated":true}]}}