{"id":497,"date":"2019-10-02T16:40:46","date_gmt":"2019-10-02T14:40:46","guid":{"rendered":"https:\/\/networks.imdea.org\/?page_id=497"},"modified":"2023-06-06T10:01:40","modified_gmt":"2023-06-06T08:01:40","slug":"sobre-imdea-networks","status":"publish","type":"page","link":"https:\/\/networks.imdea.org\/es\/sobre-imdea-networks\/","title":{"rendered":"Sobre IMDEA Networks"},"content":{"rendered":"<p><strong>IMDEA Networks Institute<\/strong>\u00a0es un instituto de\u00a0<strong>investigaci\u00f3n en redes de datos<\/strong>, cuyo equipo multinacional trabaja en ciencia fundamental y tecnolog\u00eda de vanguardia. Como instituto de habla inglesa, con sede en Madrid, Espa\u00f1a, IMDEA Networks ofrece una oportunidad \u00fanica a cient\u00edficos pioneros que aspiran a desarrollar su visi\u00f3n. IMDEA Networks se ha establecido a nivel internacional a la cabeza del\u00a0<strong>desarrollo de los principios y tecnolog\u00edas de red del futuro.\u00a0<\/strong>Nuestro\u00a0<a href=\"https:\/\/networks.imdea.org\/equipo\/equipo-imdea-networks\/equipo-de-investigacion\/\"><strong>equipo<\/strong><\/a>\u00a0de investigadores de acreditada reputaci\u00f3n dise\u00f1a hoy las redes del ma\u00f1ana.<\/p>\n<p><strong>Algunas palabras clave que nos definen<\/strong>:\u00a0<em>5G, 6G, Big Data, blockchain (cadena de bloques) y registros distribuidos, cloud computing (computaci\u00f3n en la nube), redes de distribuci\u00f3n de contenidos, anal\u00edtica de datos, redes energ\u00e9ticamente eficientes, computaci\u00f3n en la niebla y en el borde, posicionamiento en interiores, Industria 4.0, Internet de las Cosas (IoT), aprendizaje de m\u00e1quinas, redes de ondas milim\u00e9tricas, computaci\u00f3n m\u00f3vil, econom\u00eda de red, medici\u00f3n de red, seguridad de red, sistemas en red, protocolos y algoritmos de red, virtualizaci\u00f3n de red (redes definidas por software \u2013 SDN y virtualizaci\u00f3n de funciones de red \u2013 NFV), privacidad, comunicaci\u00f3n cu\u00e1ntica, redes sociales, redes vehiculares, \u00a0redes inal\u00e1mbricas y m\u00e1s&#8230;<\/em><\/p>","protected":false},"excerpt":{"rendered":"IMDEA Networks Institute\u00a0es un instituto de\u00a0investigaci\u00f3n en redes de datos, cuyo equipo multinacional trabaja en ciencia fundamental y tecnolog\u00eda de vanguardia. Como instituto de habla inglesa, con sede en Madrid, Espa\u00f1a, IMDEA Networks ofrece una oportunidad \u00fanica a cient\u00edficos pioneros que aspiran a desarrollar su visi\u00f3n. IMDEA Networks se ha establecido a nivel internacional a&#8230;","protected":false},"author":1,"featured_media":0,"parent":0,"menu_order":24,"comment_status":"closed","ping_status":"closed","template":"","meta":{"_acf_changed":false,"footnotes":""},"class_list":["post-497","page","type-page","status-publish","hentry"],"acf":[],"yoast_head":"<!-- This site is optimized with the Yoast SEO plugin v27.4 - https:\/\/yoast.com\/product\/yoast-seo-wordpress\/ -->\n<title>Sobre IMDEA Networks - IMDEA Networks<\/title>\n<meta name=\"robots\" content=\"index, follow, max-snippet:-1, max-image-preview:large, max-video-preview:-1\" \/>\n<link rel=\"canonical\" href=\"https:\/\/networks.imdea.org\/es\/about-imdea-networks\/\" \/>\n<meta property=\"og:locale\" content=\"es_ES\" \/>\n<meta property=\"og:type\" content=\"article\" \/>\n<meta property=\"og:title\" content=\"Sobre IMDEA Networks - IMDEA Networks\" \/>\n<meta property=\"og:description\" content=\"IMDEA Networks Institute\u00a0es un instituto de\u00a0investigaci\u00f3n en redes de datos, cuyo equipo multinacional trabaja en ciencia fundamental y tecnolog\u00eda de vanguardia. Como instituto de habla inglesa, con sede en Madrid, Espa\u00f1a, IMDEA Networks ofrece una oportunidad \u00fanica a cient\u00edficos pioneros que aspiran a desarrollar su visi\u00f3n. IMDEA Networks se ha establecido a nivel internacional a...\" \/>\n<meta property=\"og:url\" content=\"https:\/\/networks.imdea.org\/es\/about-imdea-networks\/\" \/>\n<meta property=\"og:site_name\" content=\"IMDEA Networks\" \/>\n<meta property=\"article:modified_time\" content=\"2023-06-06T08:01:40+00:00\" \/>\n<meta name=\"twitter:card\" content=\"summary_large_image\" \/>\n<meta name=\"twitter:label1\" content=\"Tiempo de lectura\" \/>\n\t<meta name=\"twitter:data1\" content=\"1 minuto\" \/>\n<script type=\"application\/ld+json\" class=\"yoast-schema-graph\">{\"@context\":\"https:\\\/\\\/schema.org\",\"@graph\":[{\"@type\":\"WebPage\",\"@id\":\"https:\\\/\\\/networks.imdea.org\\\/es\\\/about-imdea-networks\\\/\",\"url\":\"https:\\\/\\\/networks.imdea.org\\\/es\\\/about-imdea-networks\\\/\",\"name\":\"Sobre IMDEA Networks - IMDEA Networks\",\"isPartOf\":{\"@id\":\"https:\\\/\\\/networks.imdea.org\\\/es\\\/#website\"},\"datePublished\":\"2019-10-02T14:40:46+00:00\",\"dateModified\":\"2023-06-06T08:01:40+00:00\",\"breadcrumb\":{\"@id\":\"https:\\\/\\\/networks.imdea.org\\\/es\\\/about-imdea-networks\\\/#breadcrumb\"},\"inLanguage\":\"es\",\"potentialAction\":[{\"@type\":\"ReadAction\",\"target\":[[\"https:\\\/\\\/networks.imdea.org\\\/es\\\/about-imdea-networks\\\/\"]]}]},{\"@type\":\"BreadcrumbList\",\"@id\":\"https:\\\/\\\/networks.imdea.org\\\/es\\\/about-imdea-networks\\\/#breadcrumb\",\"itemListElement\":[{\"@type\":\"ListItem\",\"position\":1,\"name\":\"Home\",\"item\":\"https:\\\/\\\/networks.imdea.org\\\/es\\\/\"},{\"@type\":\"ListItem\",\"position\":2,\"name\":\"About IMDEA Networks\"}]},{\"@type\":\"WebSite\",\"@id\":\"https:\\\/\\\/networks.imdea.org\\\/es\\\/#website\",\"url\":\"https:\\\/\\\/networks.imdea.org\\\/es\\\/\",\"name\":\"IMDEA Networks\",\"description\":\"IMDEA Networks Multisite\",\"potentialAction\":[{\"@type\":\"SearchAction\",\"target\":{\"@type\":\"EntryPoint\",\"urlTemplate\":\"https:\\\/\\\/networks.imdea.org\\\/es\\\/?s={search_term_string}\"},\"query-input\":{\"@type\":\"PropertyValueSpecification\",\"valueRequired\":true,\"valueName\":\"search_term_string\"}}],\"inLanguage\":\"es\"}]}<\/script>\n<!-- \/ Yoast SEO plugin. -->","yoast_head_json":{"title":"Sobre IMDEA Networks - IMDEA Networks","robots":{"index":"index","follow":"follow","max-snippet":"max-snippet:-1","max-image-preview":"max-image-preview:large","max-video-preview":"max-video-preview:-1"},"canonical":"https:\/\/networks.imdea.org\/es\/about-imdea-networks\/","og_locale":"es_ES","og_type":"article","og_title":"Sobre IMDEA Networks - IMDEA Networks","og_description":"IMDEA Networks Institute\u00a0es un instituto de\u00a0investigaci\u00f3n en redes de datos, cuyo equipo multinacional trabaja en ciencia fundamental y tecnolog\u00eda de vanguardia. Como instituto de habla inglesa, con sede en Madrid, Espa\u00f1a, IMDEA Networks ofrece una oportunidad \u00fanica a cient\u00edficos pioneros que aspiran a desarrollar su visi\u00f3n. IMDEA Networks se ha establecido a nivel internacional a...","og_url":"https:\/\/networks.imdea.org\/es\/about-imdea-networks\/","og_site_name":"IMDEA Networks","article_modified_time":"2023-06-06T08:01:40+00:00","twitter_card":"summary_large_image","twitter_misc":{"Tiempo de lectura":"1 minuto"},"schema":{"@context":"https:\/\/schema.org","@graph":[{"@type":"WebPage","@id":"https:\/\/networks.imdea.org\/es\/about-imdea-networks\/","url":"https:\/\/networks.imdea.org\/es\/about-imdea-networks\/","name":"Sobre IMDEA Networks - IMDEA Networks","isPartOf":{"@id":"https:\/\/networks.imdea.org\/es\/#website"},"datePublished":"2019-10-02T14:40:46+00:00","dateModified":"2023-06-06T08:01:40+00:00","breadcrumb":{"@id":"https:\/\/networks.imdea.org\/es\/about-imdea-networks\/#breadcrumb"},"inLanguage":"es","potentialAction":[{"@type":"ReadAction","target":[["https:\/\/networks.imdea.org\/es\/about-imdea-networks\/"]]}]},{"@type":"BreadcrumbList","@id":"https:\/\/networks.imdea.org\/es\/about-imdea-networks\/#breadcrumb","itemListElement":[{"@type":"ListItem","position":1,"name":"Home","item":"https:\/\/networks.imdea.org\/es\/"},{"@type":"ListItem","position":2,"name":"About IMDEA Networks"}]},{"@type":"WebSite","@id":"https:\/\/networks.imdea.org\/es\/#website","url":"https:\/\/networks.imdea.org\/es\/","name":"IMDEA Networks","description":"IMDEA Networks Multisite","potentialAction":[{"@type":"SearchAction","target":{"@type":"EntryPoint","urlTemplate":"https:\/\/networks.imdea.org\/es\/?s={search_term_string}"},"query-input":{"@type":"PropertyValueSpecification","valueRequired":true,"valueName":"search_term_string"}}],"inLanguage":"es"}]}},"_links":{"self":[{"href":"https:\/\/networks.imdea.org\/es\/wp-json\/wp\/v2\/pages\/497","targetHints":{"allow":["GET"]}}],"collection":[{"href":"https:\/\/networks.imdea.org\/es\/wp-json\/wp\/v2\/pages"}],"about":[{"href":"https:\/\/networks.imdea.org\/es\/wp-json\/wp\/v2\/types\/page"}],"author":[{"embeddable":true,"href":"https:\/\/networks.imdea.org\/es\/wp-json\/wp\/v2\/users\/1"}],"replies":[{"embeddable":true,"href":"https:\/\/networks.imdea.org\/es\/wp-json\/wp\/v2\/comments?post=497"}],"version-history":[{"count":5,"href":"https:\/\/networks.imdea.org\/es\/wp-json\/wp\/v2\/pages\/497\/revisions"}],"predecessor-version":[{"id":26228,"href":"https:\/\/networks.imdea.org\/es\/wp-json\/wp\/v2\/pages\/497\/revisions\/26228"}],"wp:attachment":[{"href":"https:\/\/networks.imdea.org\/es\/wp-json\/wp\/v2\/media?parent=497"}],"curies":[{"name":"wp","href":"https:\/\/api.w.org\/{rel}","templated":true}]}}