{"id":491,"date":"2019-10-02T15:57:39","date_gmt":"2019-10-02T13:57:39","guid":{"rendered":"https:\/\/networks.imdea.org\/?page_id=491"},"modified":"2020-12-22T15:33:38","modified_gmt":"2020-12-22T14:33:38","slug":"politica-de-cookies","status":"publish","type":"page","link":"https:\/\/networks.imdea.org\/es\/politica-de-cookies\/","title":{"rendered":"Pol\u00edtica de cookies"},"content":{"rendered":"<p>El <strong>Instituto IMDEA Networks<\/strong> les informamos de que nuestra p\u00e1gina web <strong>NO<\/strong> utiliza cookies para analizar la navegaci\u00f3n de sus usuarios.<\/p>\n<p><strong>\u00bfQu\u00e9 son las cookies?<\/strong><\/p>\n<p>Las cookies son unos archivos que se instalan en el equipo desde el que se accede a nuestra web. Gracias a ellas se puede recoger informaci\u00f3n sobre la navegaci\u00f3n de los usuarios, informaci\u00f3n que se utiliza para ofrecer un mejor servicio. La utilizaci\u00f3n m\u00e1s habitual de las cookies es la de recoger informaci\u00f3n a nivel estad\u00edstico. Pr\u00e1cticamente todas las p\u00e1ginas web las utilizan.<\/p>\n<p>De forma general, podemos clasificar las cookies de acuerdo con tres criterios: origen, duraci\u00f3n y finalidad. De acuerdo con estos tres criterios, las cookies pueden ser:<\/p>\n<ol>\n<li><strong>Seg\u00fan su titularidad u origen: propias o de terceros.<\/strong><\/li>\n<\/ol>\n<p style=\"padding-left: 40px;\">Cookies propias: son aquellas que enviamos al equipo del usuario desde un equipo o dominio gestionado por los <strong>Institutos IMDEA<\/strong>.<\/p>\n<p style=\"padding-left: 40px;\">Cookies de terceros: son aquellas que se env\u00edan al equipo del usuario desde un equipo o dominio que no es gestionado por los <strong>Institutos IMDEA<\/strong>, sino por otra entidad que trata datos obtenidos a trav\u00e9s de las cookies, por ejemplo, Google.<\/p>\n<ol start=\"2\">\n<li><strong>De acuerdo con el tiempo que permanecen activas: de sesi\u00f3n o persistentes.<\/strong><\/li>\n<\/ol>\n<p style=\"padding-left: 40px;\">Cookies de sesi\u00f3n: son aquellas dise\u00f1adas para recabar y almacenar datos mientras que los usuarios acceden a una aplicaci\u00f3n o p\u00e1gina web, que desaparecen al cerrar la sesi\u00f3n.<\/p>\n<p style=\"padding-left: 40px;\">Cookies persistentes: son aquellas en las que los datos siguen almacenados en el dispositivo del usuario aun cuando ha finalizado la sesi\u00f3n. El responsable de la cookie puede acceder a ellos y puede tratarlos durante un periodo definido, diferente en cada cookie.<\/p>\n<ol start=\"3\">\n<li><strong>Seg\u00fan su finalidad: (i) T\u00e9cnicas o De funcionamiento (necesarias); (ii) De preferencias o Personalizaci\u00f3n; (iii) Anal\u00edticas o De Medici\u00f3n; y (iv) De publicidad comportamental.<\/strong><\/li>\n<\/ol>\n<p style=\"padding-left: 40px;\">Cookies t\u00e9cnicas o de funcionamiento (necesarias): son aquellas que permiten al usuario la navegaci\u00f3n en una p\u00e1gina web y la utilizaci\u00f3n de las diferentes opciones o servicios que en ella existan.<\/p>\n<p style=\"padding-left: 40px;\">Cookies de preferencias o personalizaci\u00f3n: son aquellas que permiten recordar informaci\u00f3n para que el usuario acceda al servicio con determinadas caracter\u00edsticas que pueden diferenciar su experiencia de la de los otros usuarios, como, por ejemplo, el idioma, el aspecto o contenido de la p\u00e1gina web en funci\u00f3n del tipo de navegador, etc.<\/p>\n<p style=\"padding-left: 40px;\">Cookies de an\u00e1lisis o medici\u00f3n: son aquellas que permiten al responsable de la p\u00e1gina web hacer un an\u00e1lisis del comportamiento de los usuarios que visitan la p\u00e1gina, con el fin de introducir mejoras en ella.<\/p>\n<p style=\"padding-left: 40px;\">Cookies de publicidad comportamental: son aquellas que almacenan informaci\u00f3n del comportamiento de los usuarios obtenida a trav\u00e9s de la observaci\u00f3n continuada de sus h\u00e1bitos de navegaci\u00f3n, para crear perfiles que permitan mostrar publicidad dirigida de acuerdo con esos comportamientos.<\/p>\n<p>En este sitio web se utilizan las cookies que indica la tabla siguiente.<\/p>\n<table style=\"height: 10px; width: 82.9587%; border-collapse: collapse; border-style: solid; border-color: #cccccc;\" border=\"1px\" cellspacing=\"0px\" cellpadding=\"0px\">\n<tbody>\n<tr style=\"height: 24px;\">\n<td style=\"width: 12.3858%; height: 0px; border: 1px solid; text-align: center;\"><strong><span style=\"font-size: 10pt;\">TIPO DE COOKIE<\/span><\/strong><\/td>\n<td style=\"height: 0px; width: 28.2088%; border: 1px solid; text-align: center;\"><strong><span style=\"font-size: 10pt;\">COOKIE<\/span><\/strong><\/td>\n<td style=\"width: 20%; height: 0px; border: 1px solid; text-align: center;\"><strong><span style=\"font-size: 10pt;\">DURACI\u00d3N<\/span><\/strong><\/td>\n<td style=\"width: 20.0874%; height: 0px; border: 1px solid; text-align: center;\"><strong><span style=\"font-size: 10pt;\">TITULAR<\/span><\/strong><\/td>\n<td style=\"width: 17.6433%; height: 0px; border: 1px solid; text-align: center;\"><strong><span style=\"font-size: 10pt;\">FINALIDAD<\/span><\/strong><\/td>\n<\/tr>\n<tr style=\"height: 104px;\">\n<td style=\"width: 12.3858%; text-align: center; height: 10px; border: 1px solid;\"><span style=\"font-size: 10pt;\"><strong>T\u00e9cnicas o De funcionamiento (Necesarias)<\/strong><\/span><\/td>\n<td style=\"width: 28.2088%; height: 10px; border: 1px solid;\" width=\"133\"><span style=\"font-size: 10pt;\">qtrans_front_language<\/span><\/td>\n<td style=\"width: 20%; text-align: center; height: 10px; border: 1px solid;\" width=\"66\"><span style=\"font-size: 10pt;\">1 a\u00f1o<\/span><\/td>\n<td style=\"width: 20.0874%; text-align: center; height: 10px; border: 1px solid;\"><span style=\"font-size: 10pt;\">Propia<\/span><\/td>\n<td style=\"border-style: solid; height: 10px;\" width=\"183\"><span style=\"font-size: 8pt;\">Cookie que permite recordar la selecci\u00f3n de idioma del usuario, de forma que muestre la web en el idioma elegido.<\/span><\/td>\n<\/tr>\n<\/tbody>\n<\/table>\n<p><script>window.policyPage = 1<\/script><\/p>","protected":false},"excerpt":{"rendered":"El Instituto IMDEA Networks les informamos de que nuestra p\u00e1gina web NO utiliza cookies para analizar la navegaci\u00f3n de sus usuarios. \u00bfQu\u00e9 son las cookies? Las cookies son unos archivos que se instalan en el equipo desde el que se accede a nuestra web. Gracias a ellas se puede recoger informaci\u00f3n sobre la navegaci\u00f3n de&#8230;","protected":false},"author":1,"featured_media":0,"parent":0,"menu_order":23,"comment_status":"closed","ping_status":"closed","template":"","meta":{"_acf_changed":false,"footnotes":""},"class_list":["post-491","page","type-page","status-publish","hentry"],"acf":[],"yoast_head":"<!-- This site is optimized with the Yoast SEO plugin v27.4 - https:\/\/yoast.com\/product\/yoast-seo-wordpress\/ -->\n<title>Pol\u00edtica de cookies - IMDEA Networks<\/title>\n<meta name=\"robots\" content=\"index, follow, max-snippet:-1, max-image-preview:large, max-video-preview:-1\" \/>\n<link rel=\"canonical\" href=\"https:\/\/networks.imdea.org\/es\/cookie-policy\/\" \/>\n<meta property=\"og:locale\" content=\"es_ES\" \/>\n<meta property=\"og:type\" content=\"article\" \/>\n<meta property=\"og:title\" content=\"Pol\u00edtica de cookies - IMDEA Networks\" \/>\n<meta property=\"og:description\" content=\"El Instituto IMDEA Networks les informamos de que nuestra p\u00e1gina web NO utiliza cookies para analizar la navegaci\u00f3n de sus usuarios. \u00bfQu\u00e9 son las cookies? Las cookies son unos archivos que se instalan en el equipo desde el que se accede a nuestra web. Gracias a ellas se puede recoger informaci\u00f3n sobre la navegaci\u00f3n de...\" \/>\n<meta property=\"og:url\" content=\"https:\/\/networks.imdea.org\/es\/cookie-policy\/\" \/>\n<meta property=\"og:site_name\" content=\"IMDEA Networks\" \/>\n<meta property=\"article:modified_time\" content=\"2020-12-22T14:33:38+00:00\" \/>\n<meta name=\"twitter:card\" content=\"summary_large_image\" \/>\n<meta name=\"twitter:label1\" content=\"Tiempo de lectura\" \/>\n\t<meta name=\"twitter:data1\" content=\"5 minutos\" \/>\n<script type=\"application\/ld+json\" class=\"yoast-schema-graph\">{\"@context\":\"https:\\\/\\\/schema.org\",\"@graph\":[{\"@type\":\"WebPage\",\"@id\":\"https:\\\/\\\/networks.imdea.org\\\/es\\\/cookie-policy\\\/\",\"url\":\"https:\\\/\\\/networks.imdea.org\\\/es\\\/cookie-policy\\\/\",\"name\":\"Pol\u00edtica de cookies - IMDEA Networks\",\"isPartOf\":{\"@id\":\"https:\\\/\\\/networks.imdea.org\\\/es\\\/#website\"},\"datePublished\":\"2019-10-02T13:57:39+00:00\",\"dateModified\":\"2020-12-22T14:33:38+00:00\",\"breadcrumb\":{\"@id\":\"https:\\\/\\\/networks.imdea.org\\\/es\\\/cookie-policy\\\/#breadcrumb\"},\"inLanguage\":\"es\",\"potentialAction\":[{\"@type\":\"ReadAction\",\"target\":[[\"https:\\\/\\\/networks.imdea.org\\\/es\\\/cookie-policy\\\/\"]]}]},{\"@type\":\"BreadcrumbList\",\"@id\":\"https:\\\/\\\/networks.imdea.org\\\/es\\\/cookie-policy\\\/#breadcrumb\",\"itemListElement\":[{\"@type\":\"ListItem\",\"position\":1,\"name\":\"Home\",\"item\":\"https:\\\/\\\/networks.imdea.org\\\/es\\\/\"},{\"@type\":\"ListItem\",\"position\":2,\"name\":\"Cookie policy\"}]},{\"@type\":\"WebSite\",\"@id\":\"https:\\\/\\\/networks.imdea.org\\\/es\\\/#website\",\"url\":\"https:\\\/\\\/networks.imdea.org\\\/es\\\/\",\"name\":\"IMDEA Networks\",\"description\":\"IMDEA Networks Multisite\",\"potentialAction\":[{\"@type\":\"SearchAction\",\"target\":{\"@type\":\"EntryPoint\",\"urlTemplate\":\"https:\\\/\\\/networks.imdea.org\\\/es\\\/?s={search_term_string}\"},\"query-input\":{\"@type\":\"PropertyValueSpecification\",\"valueRequired\":true,\"valueName\":\"search_term_string\"}}],\"inLanguage\":\"es\"}]}<\/script>\n<!-- \/ Yoast SEO plugin. -->","yoast_head_json":{"title":"Pol\u00edtica de cookies - IMDEA Networks","robots":{"index":"index","follow":"follow","max-snippet":"max-snippet:-1","max-image-preview":"max-image-preview:large","max-video-preview":"max-video-preview:-1"},"canonical":"https:\/\/networks.imdea.org\/es\/cookie-policy\/","og_locale":"es_ES","og_type":"article","og_title":"Pol\u00edtica de cookies - IMDEA Networks","og_description":"El Instituto IMDEA Networks les informamos de que nuestra p\u00e1gina web NO utiliza cookies para analizar la navegaci\u00f3n de sus usuarios. \u00bfQu\u00e9 son las cookies? Las cookies son unos archivos que se instalan en el equipo desde el que se accede a nuestra web. Gracias a ellas se puede recoger informaci\u00f3n sobre la navegaci\u00f3n de...","og_url":"https:\/\/networks.imdea.org\/es\/cookie-policy\/","og_site_name":"IMDEA Networks","article_modified_time":"2020-12-22T14:33:38+00:00","twitter_card":"summary_large_image","twitter_misc":{"Tiempo de lectura":"5 minutos"},"schema":{"@context":"https:\/\/schema.org","@graph":[{"@type":"WebPage","@id":"https:\/\/networks.imdea.org\/es\/cookie-policy\/","url":"https:\/\/networks.imdea.org\/es\/cookie-policy\/","name":"Pol\u00edtica de cookies - IMDEA Networks","isPartOf":{"@id":"https:\/\/networks.imdea.org\/es\/#website"},"datePublished":"2019-10-02T13:57:39+00:00","dateModified":"2020-12-22T14:33:38+00:00","breadcrumb":{"@id":"https:\/\/networks.imdea.org\/es\/cookie-policy\/#breadcrumb"},"inLanguage":"es","potentialAction":[{"@type":"ReadAction","target":[["https:\/\/networks.imdea.org\/es\/cookie-policy\/"]]}]},{"@type":"BreadcrumbList","@id":"https:\/\/networks.imdea.org\/es\/cookie-policy\/#breadcrumb","itemListElement":[{"@type":"ListItem","position":1,"name":"Home","item":"https:\/\/networks.imdea.org\/es\/"},{"@type":"ListItem","position":2,"name":"Cookie policy"}]},{"@type":"WebSite","@id":"https:\/\/networks.imdea.org\/es\/#website","url":"https:\/\/networks.imdea.org\/es\/","name":"IMDEA Networks","description":"IMDEA Networks Multisite","potentialAction":[{"@type":"SearchAction","target":{"@type":"EntryPoint","urlTemplate":"https:\/\/networks.imdea.org\/es\/?s={search_term_string}"},"query-input":{"@type":"PropertyValueSpecification","valueRequired":true,"valueName":"search_term_string"}}],"inLanguage":"es"}]}},"_links":{"self":[{"href":"https:\/\/networks.imdea.org\/es\/wp-json\/wp\/v2\/pages\/491","targetHints":{"allow":["GET"]}}],"collection":[{"href":"https:\/\/networks.imdea.org\/es\/wp-json\/wp\/v2\/pages"}],"about":[{"href":"https:\/\/networks.imdea.org\/es\/wp-json\/wp\/v2\/types\/page"}],"author":[{"embeddable":true,"href":"https:\/\/networks.imdea.org\/es\/wp-json\/wp\/v2\/users\/1"}],"replies":[{"embeddable":true,"href":"https:\/\/networks.imdea.org\/es\/wp-json\/wp\/v2\/comments?post=491"}],"version-history":[{"count":5,"href":"https:\/\/networks.imdea.org\/es\/wp-json\/wp\/v2\/pages\/491\/revisions"}],"predecessor-version":[{"id":20620,"href":"https:\/\/networks.imdea.org\/es\/wp-json\/wp\/v2\/pages\/491\/revisions\/20620"}],"wp:attachment":[{"href":"https:\/\/networks.imdea.org\/es\/wp-json\/wp\/v2\/media?parent=491"}],"curies":[{"name":"wp","href":"https:\/\/api.w.org\/{rel}","templated":true}]}}