{"id":489,"date":"2019-10-02T15:57:11","date_gmt":"2019-10-02T13:57:11","guid":{"rendered":"https:\/\/networks.imdea.org\/?page_id=489"},"modified":"2024-07-29T10:51:23","modified_gmt":"2024-07-29T08:51:23","slug":"aviso-legal","status":"publish","type":"page","link":"https:\/\/networks.imdea.org\/es\/aviso-legal\/","title":{"rendered":"Aviso legal"},"content":{"rendered":"<p><\/p>\n<h2>Aviso legal y Condiciones de uso<\/h2>\n<p>El presente Aviso Legal tiene como finalidad dar a conocer a todos los usuarios del Portal IMDEA las condiciones de acceso, navegaci\u00f3n y uso que regir\u00e1n a lo largo de su navegaci\u00f3n, encontr\u00e1ndose el presente Portal adaptado a la normativa espa\u00f1ola que regula los servicios de la sociedad de la informaci\u00f3n, protecci\u00f3n de datos, comunicaciones electr\u00f3nicas, confidencialidad y el resto de la normativa aplicable.<\/p>\n<p>El Portal IMDEA, es un proyecto apoyado por la Comunidad de Madrid en el que participan varias de sus Consejer\u00edas. La Iniciativa IMDEA est\u00e1 conformada por\u00a0 siete Institutos diferenciados por sus \u00e1reas de especializaci\u00f3n cient\u00edficas: AGUA, ALIMENTACI\u00d3N, ENERG\u00cdA, MATERIALES, NANOCIENCIA, NETWORKS y SOFTWARE. Su principal objetivo fundacional es ayudar en la consecuci\u00f3n de beneficios de inter\u00e9s general -educativo, cient\u00edfico, promoci\u00f3n de la investigaci\u00f3n, entre otros.<\/p>\n<p>La navegaci\u00f3n y el uso del Portal IMDEA, as\u00ed como todos los servicios que se prestan actualmente son gratuitos, si bien el acceso a la Intranet del Portal ser\u00e1 restringido para aquellos usuarios con permiso expl\u00edcito.<\/p>\n<p>IMDEA es titular o tiene la correspondiente licencia de uso sobre los derechos de explotaci\u00f3n de propiedad intelectual e industrial de la P\u00e1gina Web, as\u00ed como de los contenidos disponibles a trav\u00e9s de la misma, no entendi\u00e9ndose en ning\u00fan caso el acceso de los usuarios como una renuncia, transmisi\u00f3n, licencia o cesi\u00f3n, en todo o en parte, de los derechos de IMDEA.<\/p>\n<p>Todas las im\u00e1genes fractales -im\u00e1genes representativas de cada una de los Institutos IMDEA-, se reproducen con permiso de su autora, la artista Cory Ench, prohibi\u00e9ndose la reproducci\u00f3n total o parcial de las mismas por cualquier usuario o tercero que no obtenga previamente los derechos que en su caso se hagan necesarios.<\/p>\n<p>El dominio y derechos de propiedad industrial o intelectual, titularidad de IMDEA y de sus distintos Institutos, no podr\u00e1n ser utilizados en conexi\u00f3n con otros contenidos, productos o servicios que no sean titularidad de aquella, cuando puedan causar confusi\u00f3n entre los usuarios finales o el descr\u00e9dito de la entidad.<\/p>\n<p>Las presentes condiciones generales tienen la vigencia que dura su exposici\u00f3n. De esta forma, IMDEA aconseja que, cada vez que los usuarios accedan a la P\u00e1gina Web, las lean con detenimiento.<\/p>\n<p>As\u00ed mismo, nos reservamos el derecho de modificaci\u00f3n unilateral del presente Aviso Legal en cualquier momento, en su totalidad o parcialmente. La modificaci\u00f3n surtir\u00e1 efectos desde su publicaci\u00f3n en la P\u00e1gina Web, m\u00e1s concretamente, desde su inserci\u00f3n en el link \u201cAviso Legal\u201d.<\/p>\n<p>IMDEA podr\u00e1 optar por interrumpir, suspender o terminar unilateralmente el acceso a los contenidos de la P\u00e1gina Web, con independencia de lo dispuesto en las presentes condiciones y en las condiciones particulares que rijan determinados servicios. Dichas situaciones no alterar\u00e1n la vigencia de las prohibiciones de uso de los contenidos expuestos a lo largo del presente clausulado.<\/p>\n<p>Asimismo, IMDEA tomar\u00e1 las medidas pertinentes para, en la medida que le fuere posible, avisar a los usuarios de dichas circunstancias -suspensi\u00f3n, interrupci\u00f3n o t\u00e9rmino de acceso a los contenidos-. En caso de existir discrepancia entre lo establecido en las presentes condiciones generales y las condiciones particulares de cada servicio espec\u00edfico, prevalecer\u00e1 lo dispuesto en \u00e9stas \u00faltimas.<\/p>\n<p>El no ejercicio o ejecuci\u00f3n, por parte de IMDEA, de cualquier derecho o disposici\u00f3n contenida en estas condiciones generales no constituir\u00e1 una renuncia al mismo, salvo reconocimiento y acuerdo escrito por su parte.<\/p>\n<p><em>\u00a9 2006 \u2013 2024. Fundaci\u00f3n IMDEA. Todos los derechos reservados.<\/em><\/p>","protected":false},"excerpt":{"rendered":"Aviso legal y Condiciones de uso El presente Aviso Legal tiene como finalidad dar a conocer a todos los usuarios del Portal IMDEA las condiciones de acceso, navegaci\u00f3n y uso que regir\u00e1n a lo largo de su navegaci\u00f3n, encontr\u00e1ndose el presente Portal adaptado a la normativa espa\u00f1ola que regula los servicios de la sociedad de&#8230;","protected":false},"author":1,"featured_media":0,"parent":0,"menu_order":22,"comment_status":"closed","ping_status":"closed","template":"","meta":{"_acf_changed":false,"footnotes":""},"class_list":["post-489","page","type-page","status-publish","hentry"],"acf":[],"yoast_head":"<!-- This site is optimized with the Yoast SEO plugin v27.1.1 - https:\/\/yoast.com\/product\/yoast-seo-wordpress\/ -->\n<title>Aviso legal - IMDEA Networks<\/title>\n<meta name=\"robots\" content=\"index, follow, max-snippet:-1, max-image-preview:large, max-video-preview:-1\" \/>\n<link rel=\"canonical\" href=\"https:\/\/networks.imdea.org\/es\/legal-warning\/\" \/>\n<meta property=\"og:locale\" content=\"es_ES\" \/>\n<meta property=\"og:type\" content=\"article\" \/>\n<meta property=\"og:title\" content=\"Aviso legal - IMDEA Networks\" \/>\n<meta property=\"og:description\" content=\"Aviso legal y Condiciones de uso El presente Aviso Legal tiene como finalidad dar a conocer a todos los usuarios del Portal IMDEA las condiciones de acceso, navegaci\u00f3n y uso que regir\u00e1n a lo largo de su navegaci\u00f3n, encontr\u00e1ndose el presente Portal adaptado a la normativa espa\u00f1ola que regula los servicios de la sociedad de...\" \/>\n<meta property=\"og:url\" content=\"https:\/\/networks.imdea.org\/es\/legal-warning\/\" \/>\n<meta property=\"og:site_name\" content=\"IMDEA Networks\" \/>\n<meta property=\"article:modified_time\" content=\"2024-07-29T08:51:23+00:00\" \/>\n<meta name=\"twitter:card\" content=\"summary_large_image\" \/>\n<meta name=\"twitter:label1\" content=\"Tiempo de lectura\" \/>\n\t<meta name=\"twitter:data1\" content=\"3 minutos\" \/>\n<script type=\"application\/ld+json\" class=\"yoast-schema-graph\">{\"@context\":\"https:\/\/schema.org\",\"@graph\":[{\"@type\":\"WebPage\",\"@id\":\"https:\/\/networks.imdea.org\/es\/legal-warning\/\",\"url\":\"https:\/\/networks.imdea.org\/es\/legal-warning\/\",\"name\":\"Aviso legal - IMDEA Networks\",\"isPartOf\":{\"@id\":\"https:\/\/networks.imdea.org\/es\/#website\"},\"datePublished\":\"2019-10-02T13:57:11+00:00\",\"dateModified\":\"2024-07-29T08:51:23+00:00\",\"breadcrumb\":{\"@id\":\"https:\/\/networks.imdea.org\/es\/legal-warning\/#breadcrumb\"},\"inLanguage\":\"es\",\"potentialAction\":[{\"@type\":\"ReadAction\",\"target\":[[\"https:\/\/networks.imdea.org\/es\/legal-warning\/\"]]}]},{\"@type\":\"BreadcrumbList\",\"@id\":\"https:\/\/networks.imdea.org\/es\/legal-warning\/#breadcrumb\",\"itemListElement\":[{\"@type\":\"ListItem\",\"position\":1,\"name\":\"Home\",\"item\":\"https:\/\/networks.imdea.org\/es\/\"},{\"@type\":\"ListItem\",\"position\":2,\"name\":\"Disclaimer\"}]},{\"@type\":\"WebSite\",\"@id\":\"https:\/\/networks.imdea.org\/es\/#website\",\"url\":\"https:\/\/networks.imdea.org\/es\/\",\"name\":\"IMDEA Networks\",\"description\":\"IMDEA Networks Multisite\",\"potentialAction\":[{\"@type\":\"SearchAction\",\"target\":{\"@type\":\"EntryPoint\",\"urlTemplate\":\"https:\/\/networks.imdea.org\/es\/?s={search_term_string}\"},\"query-input\":{\"@type\":\"PropertyValueSpecification\",\"valueRequired\":true,\"valueName\":\"search_term_string\"}}],\"inLanguage\":\"es\"}]}<\/script>\n<!-- \/ Yoast SEO plugin. -->","yoast_head_json":{"title":"Aviso legal - IMDEA Networks","robots":{"index":"index","follow":"follow","max-snippet":"max-snippet:-1","max-image-preview":"max-image-preview:large","max-video-preview":"max-video-preview:-1"},"canonical":"https:\/\/networks.imdea.org\/es\/legal-warning\/","og_locale":"es_ES","og_type":"article","og_title":"Aviso legal - IMDEA Networks","og_description":"Aviso legal y Condiciones de uso El presente Aviso Legal tiene como finalidad dar a conocer a todos los usuarios del Portal IMDEA las condiciones de acceso, navegaci\u00f3n y uso que regir\u00e1n a lo largo de su navegaci\u00f3n, encontr\u00e1ndose el presente Portal adaptado a la normativa espa\u00f1ola que regula los servicios de la sociedad de...","og_url":"https:\/\/networks.imdea.org\/es\/legal-warning\/","og_site_name":"IMDEA Networks","article_modified_time":"2024-07-29T08:51:23+00:00","twitter_card":"summary_large_image","twitter_misc":{"Tiempo de lectura":"3 minutos"},"schema":{"@context":"https:\/\/schema.org","@graph":[{"@type":"WebPage","@id":"https:\/\/networks.imdea.org\/es\/legal-warning\/","url":"https:\/\/networks.imdea.org\/es\/legal-warning\/","name":"Aviso legal - IMDEA Networks","isPartOf":{"@id":"https:\/\/networks.imdea.org\/es\/#website"},"datePublished":"2019-10-02T13:57:11+00:00","dateModified":"2024-07-29T08:51:23+00:00","breadcrumb":{"@id":"https:\/\/networks.imdea.org\/es\/legal-warning\/#breadcrumb"},"inLanguage":"es","potentialAction":[{"@type":"ReadAction","target":[["https:\/\/networks.imdea.org\/es\/legal-warning\/"]]}]},{"@type":"BreadcrumbList","@id":"https:\/\/networks.imdea.org\/es\/legal-warning\/#breadcrumb","itemListElement":[{"@type":"ListItem","position":1,"name":"Home","item":"https:\/\/networks.imdea.org\/es\/"},{"@type":"ListItem","position":2,"name":"Disclaimer"}]},{"@type":"WebSite","@id":"https:\/\/networks.imdea.org\/es\/#website","url":"https:\/\/networks.imdea.org\/es\/","name":"IMDEA Networks","description":"IMDEA Networks Multisite","potentialAction":[{"@type":"SearchAction","target":{"@type":"EntryPoint","urlTemplate":"https:\/\/networks.imdea.org\/es\/?s={search_term_string}"},"query-input":{"@type":"PropertyValueSpecification","valueRequired":true,"valueName":"search_term_string"}}],"inLanguage":"es"}]}},"_links":{"self":[{"href":"https:\/\/networks.imdea.org\/es\/wp-json\/wp\/v2\/pages\/489","targetHints":{"allow":["GET"]}}],"collection":[{"href":"https:\/\/networks.imdea.org\/es\/wp-json\/wp\/v2\/pages"}],"about":[{"href":"https:\/\/networks.imdea.org\/es\/wp-json\/wp\/v2\/types\/page"}],"author":[{"embeddable":true,"href":"https:\/\/networks.imdea.org\/es\/wp-json\/wp\/v2\/users\/1"}],"replies":[{"embeddable":true,"href":"https:\/\/networks.imdea.org\/es\/wp-json\/wp\/v2\/comments?post=489"}],"version-history":[{"count":5,"href":"https:\/\/networks.imdea.org\/es\/wp-json\/wp\/v2\/pages\/489\/revisions"}],"predecessor-version":[{"id":27768,"href":"https:\/\/networks.imdea.org\/es\/wp-json\/wp\/v2\/pages\/489\/revisions\/27768"}],"wp:attachment":[{"href":"https:\/\/networks.imdea.org\/es\/wp-json\/wp\/v2\/media?parent=489"}],"curies":[{"name":"wp","href":"https:\/\/api.w.org\/{rel}","templated":true}]}}