{"id":485,"date":"2019-10-02T15:56:33","date_gmt":"2019-10-02T13:56:33","guid":{"rendered":"https:\/\/networks.imdea.org\/?page_id=485"},"modified":"2026-04-14T10:44:14","modified_gmt":"2026-04-14T08:44:14","slug":"declaracion-de-accesibilidad","status":"publish","type":"page","link":"https:\/\/networks.imdea.org\/es\/declaracion-de-accesibilidad\/","title":{"rendered":"Declaraci\u00f3n de accesibilidad"},"content":{"rendered":"<p>Para la construcci\u00f3n del sitio web <a href=\"https:\/\/www.networks.imdea.org\/\">networks.imdea.org<\/a>\u00a0se han adaptado una serie de medidas con el objeto de incorporar la accesibilidad en esta p\u00e1gina web. Para ello, se han seguido las pautas de accesibilidad correspondientes a los puntos de verificaci\u00f3n de nivel AA (prioridad 1 y 2 de la Norma UNE 139803:2004 de Accesibilidad en contenidos Web), en cumplimiento del Real Decreto 1494\/2007, por el que se aprueba el Reglamento sobre las condiciones b\u00e1sicas para el acceso de las personas con discapacidad a las tecnolog\u00edas, productos y servicios relacionados con la sociedad de la informaci\u00f3n y medios de comunicaci\u00f3n social.<\/p>\n<p>La accesibilidad permite:<\/p>\n<ul>\n<li>Facilitar el acceso de los usuarios independientemente de su condici\u00f3n f\u00edsica o de su entorno.<\/li>\n<li>Permitir el acceso con diferentes agentes de usuario.<\/li>\n<li>Incluir contenidos claros bien estructurados.<\/li>\n<li>Mejorar la navegaci\u00f3n y la experiencia del usuario<\/li>\n<\/ul>\n<p>Algunas de las t\u00e9cnicas utilizadas son las siguientes:<\/p>\n<ul>\n<li>Uso de hojas de estilo para controlar la presentaci\u00f3n de la informaci\u00f3n.<\/li>\n<li>La introducci\u00f3n de texto alternativo en las im\u00e1genes.<\/li>\n<li>Uso de los est\u00e1ndares del W3C.<\/li>\n<li>Para las unidades de medida se han utilizado unidades relativas en todo momento de forma que la interfaz se puede visualizar con varias configuraciones de pantalla y tama\u00f1os de letra.<\/li>\n<li>Las p\u00e1ginas en esta web mantienen una estructura sem\u00e1ntica de marcado. Dependiendo de la importancia en el texto, se representar\u00e1 indistintamente con las etiquetas H1, H2, H3 y H4. Estos encabezamientos son significativos, ya que representan la importancia dentro del contenido.<\/li>\n<\/ul>\n<h2>Contacto<\/h2>\n<p>Desde <a href=\"https:\/\/www.networks.imdea.org\/\">networks.imdea.org<\/a> somos conscientes que la accesibilidad del portal es un proceso continuo de mejora e invitamos a participar al usuario con cualquier sugerencia que considere oportuna y nos ayude a perfeccionar este sitio web.<\/p>\n<p>Si desea realizar alg\u00fan comentario o consulta puede escribir un mensaje de correo electr\u00f3nico a la siguiente direcci\u00f3n: <a href=\"mailto:operations@networks.imdea.org\">operations@networks.imdea.org<\/a><\/p>\n<p>Muchas gracias por su colaboraci\u00f3n.<\/p>","protected":false},"excerpt":{"rendered":"Para la construcci\u00f3n del sitio web networks.imdea.org\u00a0se han adaptado una serie de medidas con el objeto de incorporar la accesibilidad en esta p\u00e1gina web. Para ello, se han seguido las pautas de accesibilidad correspondientes a los puntos de verificaci\u00f3n de nivel AA (prioridad 1 y 2 de la Norma UNE 139803:2004 de Accesibilidad en contenidos&#8230;","protected":false},"author":1,"featured_media":0,"parent":0,"menu_order":20,"comment_status":"closed","ping_status":"closed","template":"","meta":{"_acf_changed":false,"footnotes":""},"class_list":["post-485","page","type-page","status-publish","hentry"],"acf":[],"yoast_head":"<!-- This site is optimized with the Yoast SEO plugin v27.4 - https:\/\/yoast.com\/product\/yoast-seo-wordpress\/ -->\n<title>Declaraci\u00f3n de accesibilidad - IMDEA Networks<\/title>\n<meta name=\"robots\" content=\"index, follow, max-snippet:-1, max-image-preview:large, max-video-preview:-1\" \/>\n<link rel=\"canonical\" href=\"https:\/\/networks.imdea.org\/es\/accesibility-declaration\/\" \/>\n<meta property=\"og:locale\" content=\"es_ES\" \/>\n<meta property=\"og:type\" content=\"article\" \/>\n<meta property=\"og:title\" content=\"Declaraci\u00f3n de accesibilidad - IMDEA Networks\" \/>\n<meta property=\"og:description\" content=\"Para la construcci\u00f3n del sitio web networks.imdea.org\u00a0se han adaptado una serie de medidas con el objeto de incorporar la accesibilidad en esta p\u00e1gina web. Para ello, se han seguido las pautas de accesibilidad correspondientes a los puntos de verificaci\u00f3n de nivel AA (prioridad 1 y 2 de la Norma UNE 139803:2004 de Accesibilidad en contenidos...\" \/>\n<meta property=\"og:url\" content=\"https:\/\/networks.imdea.org\/es\/accesibility-declaration\/\" \/>\n<meta property=\"og:site_name\" content=\"IMDEA Networks\" \/>\n<meta property=\"article:modified_time\" content=\"2026-04-14T08:44:14+00:00\" \/>\n<meta name=\"twitter:card\" content=\"summary_large_image\" \/>\n<meta name=\"twitter:label1\" content=\"Tiempo de lectura\" \/>\n\t<meta name=\"twitter:data1\" content=\"2 minutos\" \/>\n<script type=\"application\/ld+json\" class=\"yoast-schema-graph\">{\"@context\":\"https:\\\/\\\/schema.org\",\"@graph\":[{\"@type\":\"WebPage\",\"@id\":\"https:\\\/\\\/networks.imdea.org\\\/es\\\/accesibility-declaration\\\/\",\"url\":\"https:\\\/\\\/networks.imdea.org\\\/es\\\/accesibility-declaration\\\/\",\"name\":\"Declaraci\u00f3n de accesibilidad - IMDEA Networks\",\"isPartOf\":{\"@id\":\"https:\\\/\\\/networks.imdea.org\\\/es\\\/#website\"},\"datePublished\":\"2019-10-02T13:56:33+00:00\",\"dateModified\":\"2026-04-14T08:44:14+00:00\",\"breadcrumb\":{\"@id\":\"https:\\\/\\\/networks.imdea.org\\\/es\\\/accesibility-declaration\\\/#breadcrumb\"},\"inLanguage\":\"es\",\"potentialAction\":[{\"@type\":\"ReadAction\",\"target\":[[\"https:\\\/\\\/networks.imdea.org\\\/es\\\/accesibility-declaration\\\/\"]]}]},{\"@type\":\"BreadcrumbList\",\"@id\":\"https:\\\/\\\/networks.imdea.org\\\/es\\\/accesibility-declaration\\\/#breadcrumb\",\"itemListElement\":[{\"@type\":\"ListItem\",\"position\":1,\"name\":\"Home\",\"item\":\"https:\\\/\\\/networks.imdea.org\\\/es\\\/\"},{\"@type\":\"ListItem\",\"position\":2,\"name\":\"Accesibility declaration\"}]},{\"@type\":\"WebSite\",\"@id\":\"https:\\\/\\\/networks.imdea.org\\\/es\\\/#website\",\"url\":\"https:\\\/\\\/networks.imdea.org\\\/es\\\/\",\"name\":\"IMDEA Networks\",\"description\":\"IMDEA Networks Multisite\",\"potentialAction\":[{\"@type\":\"SearchAction\",\"target\":{\"@type\":\"EntryPoint\",\"urlTemplate\":\"https:\\\/\\\/networks.imdea.org\\\/es\\\/?s={search_term_string}\"},\"query-input\":{\"@type\":\"PropertyValueSpecification\",\"valueRequired\":true,\"valueName\":\"search_term_string\"}}],\"inLanguage\":\"es\"}]}<\/script>\n<!-- \/ Yoast SEO plugin. -->","yoast_head_json":{"title":"Declaraci\u00f3n de accesibilidad - IMDEA Networks","robots":{"index":"index","follow":"follow","max-snippet":"max-snippet:-1","max-image-preview":"max-image-preview:large","max-video-preview":"max-video-preview:-1"},"canonical":"https:\/\/networks.imdea.org\/es\/accesibility-declaration\/","og_locale":"es_ES","og_type":"article","og_title":"Declaraci\u00f3n de accesibilidad - IMDEA Networks","og_description":"Para la construcci\u00f3n del sitio web networks.imdea.org\u00a0se han adaptado una serie de medidas con el objeto de incorporar la accesibilidad en esta p\u00e1gina web. Para ello, se han seguido las pautas de accesibilidad correspondientes a los puntos de verificaci\u00f3n de nivel AA (prioridad 1 y 2 de la Norma UNE 139803:2004 de Accesibilidad en contenidos...","og_url":"https:\/\/networks.imdea.org\/es\/accesibility-declaration\/","og_site_name":"IMDEA Networks","article_modified_time":"2026-04-14T08:44:14+00:00","twitter_card":"summary_large_image","twitter_misc":{"Tiempo de lectura":"2 minutos"},"schema":{"@context":"https:\/\/schema.org","@graph":[{"@type":"WebPage","@id":"https:\/\/networks.imdea.org\/es\/accesibility-declaration\/","url":"https:\/\/networks.imdea.org\/es\/accesibility-declaration\/","name":"Declaraci\u00f3n de accesibilidad - IMDEA Networks","isPartOf":{"@id":"https:\/\/networks.imdea.org\/es\/#website"},"datePublished":"2019-10-02T13:56:33+00:00","dateModified":"2026-04-14T08:44:14+00:00","breadcrumb":{"@id":"https:\/\/networks.imdea.org\/es\/accesibility-declaration\/#breadcrumb"},"inLanguage":"es","potentialAction":[{"@type":"ReadAction","target":[["https:\/\/networks.imdea.org\/es\/accesibility-declaration\/"]]}]},{"@type":"BreadcrumbList","@id":"https:\/\/networks.imdea.org\/es\/accesibility-declaration\/#breadcrumb","itemListElement":[{"@type":"ListItem","position":1,"name":"Home","item":"https:\/\/networks.imdea.org\/es\/"},{"@type":"ListItem","position":2,"name":"Accesibility declaration"}]},{"@type":"WebSite","@id":"https:\/\/networks.imdea.org\/es\/#website","url":"https:\/\/networks.imdea.org\/es\/","name":"IMDEA Networks","description":"IMDEA Networks Multisite","potentialAction":[{"@type":"SearchAction","target":{"@type":"EntryPoint","urlTemplate":"https:\/\/networks.imdea.org\/es\/?s={search_term_string}"},"query-input":{"@type":"PropertyValueSpecification","valueRequired":true,"valueName":"search_term_string"}}],"inLanguage":"es"}]}},"_links":{"self":[{"href":"https:\/\/networks.imdea.org\/es\/wp-json\/wp\/v2\/pages\/485","targetHints":{"allow":["GET"]}}],"collection":[{"href":"https:\/\/networks.imdea.org\/es\/wp-json\/wp\/v2\/pages"}],"about":[{"href":"https:\/\/networks.imdea.org\/es\/wp-json\/wp\/v2\/types\/page"}],"author":[{"embeddable":true,"href":"https:\/\/networks.imdea.org\/es\/wp-json\/wp\/v2\/users\/1"}],"replies":[{"embeddable":true,"href":"https:\/\/networks.imdea.org\/es\/wp-json\/wp\/v2\/comments?post=485"}],"version-history":[{"count":5,"href":"https:\/\/networks.imdea.org\/es\/wp-json\/wp\/v2\/pages\/485\/revisions"}],"predecessor-version":[{"id":29801,"href":"https:\/\/networks.imdea.org\/es\/wp-json\/wp\/v2\/pages\/485\/revisions\/29801"}],"wp:attachment":[{"href":"https:\/\/networks.imdea.org\/es\/wp-json\/wp\/v2\/media?parent=485"}],"curies":[{"name":"wp","href":"https:\/\/api.w.org\/{rel}","templated":true}]}}