{"id":346,"date":"2019-09-24T19:05:46","date_gmt":"2019-09-24T17:05:46","guid":{"rendered":"https:\/\/networks.imdea.org\/?page_id=346"},"modified":"2020-11-16T09:39:44","modified_gmt":"2020-11-16T08:39:44","slug":"financiacion-y-becas","status":"publish","type":"page","link":"https:\/\/networks.imdea.org\/es\/investigacion\/proyectos-y-colaboraciones\/financiacion-y-becas\/","title":{"rendered":"Financiaci\u00f3n y becas"},"content":{"rendered":"<p><\/p>\n<p class=\"p1\"><span class=\"s1\">Dedicamos extensos recursos a la obtenci\u00f3n de financiaci\u00f3n externa para apoyar a nuestro equipo de investigaci\u00f3n y, en particular, a aquellos miembros que destacan en sus capacidades, con el objetivo de promover el potencial cient\u00edfico y t\u00e9cnico de nuestro capital humano y como resultado directo el alcance de las actividades del instituto.<\/span><\/p>\n<p class=\"p1\"><span class=\"s1\">La financiaci\u00f3n individualizada de investigadores se manifiesta en forma de ayudas, subvenciones y becas de investigaci\u00f3n. La concesi\u00f3n de las mismas es similar a la de la investigaci\u00f3n financiada externamente por la apertura y rigurosidad empleada en los procesos de selecci\u00f3n. Estos premios confieren prestigio a los receptores de los mismos as\u00ed como a la organizaci\u00f3n con la que est\u00e1n afiliados.<\/span><\/p>\n<p class=\"p1\"><span class=\"s1\">Debajo indicamos nuestras actuales y pasadas financiaciones a investigadores.<\/span><\/p>\n<p><\/p>","protected":false},"excerpt":{"rendered":"Dedicamos extensos recursos a la obtenci\u00f3n de financiaci\u00f3n externa para apoyar a nuestro equipo de investigaci\u00f3n y, en particular, a aquellos miembros que destacan en sus capacidades, con el objetivo de promover el potencial cient\u00edfico y t\u00e9cnico de nuestro capital humano y como resultado directo el alcance de las actividades del instituto. La financiaci\u00f3n individualizada&#8230;","protected":false},"author":1,"featured_media":0,"parent":324,"menu_order":4,"comment_status":"closed","ping_status":"closed","template":"","meta":{"_acf_changed":false,"footnotes":""},"class_list":["post-346","page","type-page","status-publish","hentry"],"acf":[],"yoast_head":"<!-- This site is optimized with the Yoast SEO plugin v27.1.1 - https:\/\/yoast.com\/product\/yoast-seo-wordpress\/ -->\n<title>Financiaci\u00f3n y becas - IMDEA Networks<\/title>\n<meta name=\"robots\" content=\"index, follow, max-snippet:-1, max-image-preview:large, max-video-preview:-1\" \/>\n<link rel=\"canonical\" href=\"https:\/\/networks.imdea.org\/es\/research\/projects-and-collaborations\/funding-and-scholarships\/\" \/>\n<meta property=\"og:locale\" content=\"es_ES\" \/>\n<meta property=\"og:type\" content=\"article\" \/>\n<meta property=\"og:title\" content=\"Financiaci\u00f3n y becas - IMDEA Networks\" \/>\n<meta property=\"og:description\" content=\"Dedicamos extensos recursos a la obtenci\u00f3n de financiaci\u00f3n externa para apoyar a nuestro equipo de investigaci\u00f3n y, en particular, a aquellos miembros que destacan en sus capacidades, con el objetivo de promover el potencial cient\u00edfico y t\u00e9cnico de nuestro capital humano y como resultado directo el alcance de las actividades del instituto. La financiaci\u00f3n individualizada...\" \/>\n<meta property=\"og:url\" content=\"https:\/\/networks.imdea.org\/es\/research\/projects-and-collaborations\/funding-and-scholarships\/\" \/>\n<meta property=\"og:site_name\" content=\"IMDEA Networks\" \/>\n<meta property=\"article:modified_time\" content=\"2020-11-16T08:39:44+00:00\" \/>\n<meta name=\"twitter:card\" content=\"summary_large_image\" \/>\n<meta name=\"twitter:label1\" content=\"Tiempo de lectura\" \/>\n\t<meta name=\"twitter:data1\" content=\"1 minuto\" \/>\n<script type=\"application\/ld+json\" class=\"yoast-schema-graph\">{\"@context\":\"https:\/\/schema.org\",\"@graph\":[{\"@type\":\"WebPage\",\"@id\":\"https:\/\/networks.imdea.org\/es\/research\/projects-and-collaborations\/funding-and-scholarships\/\",\"url\":\"https:\/\/networks.imdea.org\/es\/research\/projects-and-collaborations\/funding-and-scholarships\/\",\"name\":\"Financiaci\u00f3n y becas - IMDEA Networks\",\"isPartOf\":{\"@id\":\"https:\/\/networks.imdea.org\/es\/#website\"},\"datePublished\":\"2019-09-24T17:05:46+00:00\",\"dateModified\":\"2020-11-16T08:39:44+00:00\",\"breadcrumb\":{\"@id\":\"https:\/\/networks.imdea.org\/es\/research\/projects-and-collaborations\/funding-and-scholarships\/#breadcrumb\"},\"inLanguage\":\"es\",\"potentialAction\":[{\"@type\":\"ReadAction\",\"target\":[[\"https:\/\/networks.imdea.org\/es\/research\/projects-and-collaborations\/funding-and-scholarships\/\"]]}]},{\"@type\":\"BreadcrumbList\",\"@id\":\"https:\/\/networks.imdea.org\/es\/research\/projects-and-collaborations\/funding-and-scholarships\/#breadcrumb\",\"itemListElement\":[{\"@type\":\"ListItem\",\"position\":1,\"name\":\"Home\",\"item\":\"https:\/\/networks.imdea.org\/es\/\"},{\"@type\":\"ListItem\",\"position\":2,\"name\":\"Research\",\"item\":\"https:\/\/networks.imdea.org\/es\/research\/\"},{\"@type\":\"ListItem\",\"position\":3,\"name\":\"Projects and collaborations\",\"item\":\"https:\/\/networks.imdea.org\/es\/research\/projects-and-collaborations\/\"},{\"@type\":\"ListItem\",\"position\":4,\"name\":\"Funding and scholarships\"}]},{\"@type\":\"WebSite\",\"@id\":\"https:\/\/networks.imdea.org\/es\/#website\",\"url\":\"https:\/\/networks.imdea.org\/es\/\",\"name\":\"IMDEA Networks\",\"description\":\"IMDEA Networks Multisite\",\"potentialAction\":[{\"@type\":\"SearchAction\",\"target\":{\"@type\":\"EntryPoint\",\"urlTemplate\":\"https:\/\/networks.imdea.org\/es\/?s={search_term_string}\"},\"query-input\":{\"@type\":\"PropertyValueSpecification\",\"valueRequired\":true,\"valueName\":\"search_term_string\"}}],\"inLanguage\":\"es\"}]}<\/script>\n<!-- \/ Yoast SEO plugin. -->","yoast_head_json":{"title":"Financiaci\u00f3n y becas - IMDEA Networks","robots":{"index":"index","follow":"follow","max-snippet":"max-snippet:-1","max-image-preview":"max-image-preview:large","max-video-preview":"max-video-preview:-1"},"canonical":"https:\/\/networks.imdea.org\/es\/research\/projects-and-collaborations\/funding-and-scholarships\/","og_locale":"es_ES","og_type":"article","og_title":"Financiaci\u00f3n y becas - IMDEA Networks","og_description":"Dedicamos extensos recursos a la obtenci\u00f3n de financiaci\u00f3n externa para apoyar a nuestro equipo de investigaci\u00f3n y, en particular, a aquellos miembros que destacan en sus capacidades, con el objetivo de promover el potencial cient\u00edfico y t\u00e9cnico de nuestro capital humano y como resultado directo el alcance de las actividades del instituto. La financiaci\u00f3n individualizada...","og_url":"https:\/\/networks.imdea.org\/es\/research\/projects-and-collaborations\/funding-and-scholarships\/","og_site_name":"IMDEA Networks","article_modified_time":"2020-11-16T08:39:44+00:00","twitter_card":"summary_large_image","twitter_misc":{"Tiempo de lectura":"1 minuto"},"schema":{"@context":"https:\/\/schema.org","@graph":[{"@type":"WebPage","@id":"https:\/\/networks.imdea.org\/es\/research\/projects-and-collaborations\/funding-and-scholarships\/","url":"https:\/\/networks.imdea.org\/es\/research\/projects-and-collaborations\/funding-and-scholarships\/","name":"Financiaci\u00f3n y becas - IMDEA Networks","isPartOf":{"@id":"https:\/\/networks.imdea.org\/es\/#website"},"datePublished":"2019-09-24T17:05:46+00:00","dateModified":"2020-11-16T08:39:44+00:00","breadcrumb":{"@id":"https:\/\/networks.imdea.org\/es\/research\/projects-and-collaborations\/funding-and-scholarships\/#breadcrumb"},"inLanguage":"es","potentialAction":[{"@type":"ReadAction","target":[["https:\/\/networks.imdea.org\/es\/research\/projects-and-collaborations\/funding-and-scholarships\/"]]}]},{"@type":"BreadcrumbList","@id":"https:\/\/networks.imdea.org\/es\/research\/projects-and-collaborations\/funding-and-scholarships\/#breadcrumb","itemListElement":[{"@type":"ListItem","position":1,"name":"Home","item":"https:\/\/networks.imdea.org\/es\/"},{"@type":"ListItem","position":2,"name":"Research","item":"https:\/\/networks.imdea.org\/es\/research\/"},{"@type":"ListItem","position":3,"name":"Projects and collaborations","item":"https:\/\/networks.imdea.org\/es\/research\/projects-and-collaborations\/"},{"@type":"ListItem","position":4,"name":"Funding and scholarships"}]},{"@type":"WebSite","@id":"https:\/\/networks.imdea.org\/es\/#website","url":"https:\/\/networks.imdea.org\/es\/","name":"IMDEA Networks","description":"IMDEA Networks Multisite","potentialAction":[{"@type":"SearchAction","target":{"@type":"EntryPoint","urlTemplate":"https:\/\/networks.imdea.org\/es\/?s={search_term_string}"},"query-input":{"@type":"PropertyValueSpecification","valueRequired":true,"valueName":"search_term_string"}}],"inLanguage":"es"}]}},"_links":{"self":[{"href":"https:\/\/networks.imdea.org\/es\/wp-json\/wp\/v2\/pages\/346","targetHints":{"allow":["GET"]}}],"collection":[{"href":"https:\/\/networks.imdea.org\/es\/wp-json\/wp\/v2\/pages"}],"about":[{"href":"https:\/\/networks.imdea.org\/es\/wp-json\/wp\/v2\/types\/page"}],"author":[{"embeddable":true,"href":"https:\/\/networks.imdea.org\/es\/wp-json\/wp\/v2\/users\/1"}],"replies":[{"embeddable":true,"href":"https:\/\/networks.imdea.org\/es\/wp-json\/wp\/v2\/comments?post=346"}],"version-history":[{"count":5,"href":"https:\/\/networks.imdea.org\/es\/wp-json\/wp\/v2\/pages\/346\/revisions"}],"predecessor-version":[{"id":18793,"href":"https:\/\/networks.imdea.org\/es\/wp-json\/wp\/v2\/pages\/346\/revisions\/18793"}],"up":[{"embeddable":true,"href":"https:\/\/networks.imdea.org\/es\/wp-json\/wp\/v2\/pages\/324"}],"wp:attachment":[{"href":"https:\/\/networks.imdea.org\/es\/wp-json\/wp\/v2\/media?parent=346"}],"curies":[{"name":"wp","href":"https:\/\/api.w.org\/{rel}","templated":true}]}}