{"id":21540,"date":"2021-02-09T13:09:26","date_gmt":"2021-02-09T12:09:26","guid":{"rendered":"https:\/\/networks.imdea.org\/?page_id=21540"},"modified":"2026-04-01T17:18:32","modified_gmt":"2026-04-01T15:18:32","slug":"annual-workshops","status":"publish","type":"page","link":"https:\/\/networks.imdea.org\/es\/annual-workshops\/","title":{"rendered":"Annual Workshops"},"content":{"rendered":"<p>El Instituto IMDEA Networks organiza anualmente un taller tem\u00e1tico (Annual Workshop) en Madrid al que se asiste por invitaci\u00f3n. El workshop acompa\u00f1a una reuni\u00f3n de nuestro Consejo Cient\u00edfico compuesto por destacados investigadores. Adem\u00e1s de las charlas de los miembros del consejo y de nuestros investigadores, el workshop tradicionalmente cuenta con la intervenci\u00f3n de cient\u00edficos invitados. A continuaci\u00f3n, se muestra una lista de todos los talleres celebrados hasta el momento:<\/p>\n<p>2025 &#8211; <a href=\"https:\/\/networks.imdea.org\/es\/actualidad\/agenda-de-eventos\/15th-imdea-networks-annual-international-workshop\/\" target=\"_blank\" rel=\"noopener\">15th IMDEA Networks Annual International Workshop<\/a><\/p>\n<p>2024 &#8211; <a href=\"https:\/\/networks.imdea.org\/es\/actualidad\/agenda-de-eventos\/14th-imdea-networks-annual-international-workshop\/\" target=\"_blank\" rel=\"noopener\">14th IMDEA Networks Annual International Workshop<\/a><\/p>\n<p>2023 &#8211; <a href=\"https:\/\/networks.imdea.org\/whatsnew\/events-agenda\/13th-imdea-networks-annual-international-workshop\/\" target=\"_blank\" rel=\"noopener\">13th IMDEA Networks Workshop: Quantum networks and quantum communications<\/a><\/p>\n<p>2022 &#8211; <a href=\"https:\/\/networks.imdea.org\/whatsnew\/events-agenda\/12th-imdea-networks-annual-international-workshop\/\" target=\"_blank\" rel=\"noopener\">12th IMDEA Networks Annual International Workshop<\/a><\/p>\n<p>2021 &#8211; <a href=\"https:\/\/networks.imdea.org\/es\/actualidad\/agenda-de-eventos\/12th-imdea-networks-annual-international-workshop\/\" target=\"_blank\" rel=\"noopener\">12th IMDEA Networks Annual International Workshop<\/a><\/p>\n<p>2019 \u2013 <a href=\"http:\/\/workshop2019.networks.imdea.org\/\" target=\"_blank\" rel=\"noopener\">11th IMDEA Networks Workshop: Networking Research | Present, Future and Beyond<\/a><\/p>\n<p>2018 \u2013 <a href=\"https:\/\/networks.imdea.org\/es\/actualidad\/agenda-de-eventos\/10th-imdea-networks-annual-international-workshop\/\" target=\"_blank\" rel=\"noopener\">10th IMDEA Networks Annual International Workshop<\/a><\/p>\n<p>2017 \u2013<a href=\"http:\/\/workshop2017.networks.imdea.org\/\" target=\"_blank\" rel=\"noopener\"> 9th IMDEA Networks Workshop: Enabling Future Internet Applications<\/a><\/p>\n<p>2016 \u2013 <a href=\"https:\/\/networks.imdea.org\/es\/actualidad\/agenda-de-eventos\/8th-imdea-networks-annual-international-workshop\/\" target=\"_blank\" rel=\"noopener\">8th IMDEA Networks Workshop: Future Wireless Networks<\/a><\/p>\n<p>2015 \u2013 <a href=\"http:\/\/workshop2015.networks.imdea.org\/\" target=\"_blank\" rel=\"noopener\">7th IMDEA Networks Workshop: Big Data and Cloud Computing<\/a><\/p>\n<p>2014 \u2013 <a href=\"http:\/\/events.networks.imdea.org\/workshop2014.html\" target=\"_blank\" rel=\"noopener\">6th IMDEA Networks Workshop: 5G Network Revolution<\/a><\/p>\n<p>2013 \u2013 <a href=\"http:\/\/events.networks.imdea.org\/workshop2013.html\" target=\"_blank\" rel=\"noopener\">5th IMDEA Networks Workshop: Reliable Networked Systems<\/a><\/p>\n<p>2012 \u2013 <a href=\"http:\/\/events.networks.imdea.org\/workshop2012.html\" target=\"_blank\" rel=\"noopener\">4th IMDEA Networks Workshop: Data: Novel challenges related to the use of data in Networking Operations and Research<\/a><\/p>\n<p>2011 \u2013 <a href=\"http:\/\/events.networks.imdea.org\/workshop2011.html\" target=\"_blank\" rel=\"noopener\">3rd IMDEA Networks Workshop: Internet Science<\/a><\/p>\n<p>2010 \u2013 <a href=\"http:\/\/events.networks.imdea.org\/workshop2010.html\" target=\"_blank\" rel=\"noopener\">2nd IMDEA Networks Workshop: Energy Efficiency and Networking<\/a><\/p>\n<p>2009 \u2013 <a href=\"http:\/\/events.networks.imdea.org\/workshop2009.html\" target=\"_blank\" rel=\"noopener\">1st IMDEA Networks Workshop: Quantum Computing &amp; Networking<\/a><\/p>","protected":false},"excerpt":{"rendered":"El Instituto IMDEA Networks organiza anualmente un taller tem\u00e1tico (Annual Workshop) en Madrid al que se asiste por invitaci\u00f3n. El workshop acompa\u00f1a una reuni\u00f3n de nuestro Consejo Cient\u00edfico compuesto por destacados investigadores. Adem\u00e1s de las charlas de los miembros del consejo y de nuestros investigadores, el workshop tradicionalmente cuenta con la intervenci\u00f3n de cient\u00edficos invitados&#8230;.","protected":false},"author":284,"featured_media":0,"parent":0,"menu_order":0,"comment_status":"closed","ping_status":"closed","template":"","meta":{"_acf_changed":false,"footnotes":""},"class_list":["post-21540","page","type-page","status-publish","hentry"],"acf":[],"yoast_head":"<!-- This site is optimized with the Yoast SEO plugin v27.1.1 - https:\/\/yoast.com\/product\/yoast-seo-wordpress\/ -->\n<title>Annual Workshops - IMDEA Networks<\/title>\n<meta name=\"robots\" content=\"index, follow, max-snippet:-1, max-image-preview:large, max-video-preview:-1\" \/>\n<link rel=\"canonical\" href=\"https:\/\/networks.imdea.org\/es\/annual-workshops\/\" \/>\n<meta property=\"og:locale\" content=\"es_ES\" \/>\n<meta property=\"og:type\" content=\"article\" \/>\n<meta property=\"og:title\" content=\"Annual Workshops - IMDEA Networks\" \/>\n<meta property=\"og:description\" content=\"El Instituto IMDEA Networks organiza anualmente un taller tem\u00e1tico (Annual Workshop) en Madrid al que se asiste por invitaci\u00f3n. El workshop acompa\u00f1a una reuni\u00f3n de nuestro Consejo Cient\u00edfico compuesto por destacados investigadores. Adem\u00e1s de las charlas de los miembros del consejo y de nuestros investigadores, el workshop tradicionalmente cuenta con la intervenci\u00f3n de cient\u00edficos invitados....\" \/>\n<meta property=\"og:url\" content=\"https:\/\/networks.imdea.org\/es\/annual-workshops\/\" \/>\n<meta property=\"og:site_name\" content=\"IMDEA Networks\" \/>\n<meta property=\"article:modified_time\" content=\"2026-04-01T15:18:32+00:00\" \/>\n<meta name=\"twitter:card\" content=\"summary_large_image\" \/>\n<meta name=\"twitter:label1\" content=\"Tiempo de lectura\" \/>\n\t<meta name=\"twitter:data1\" content=\"1 minuto\" \/>\n<script type=\"application\/ld+json\" class=\"yoast-schema-graph\">{\"@context\":\"https:\/\/schema.org\",\"@graph\":[{\"@type\":\"WebPage\",\"@id\":\"https:\/\/networks.imdea.org\/es\/annual-workshops\/\",\"url\":\"https:\/\/networks.imdea.org\/es\/annual-workshops\/\",\"name\":\"Annual Workshops - IMDEA Networks\",\"isPartOf\":{\"@id\":\"https:\/\/networks.imdea.org\/es\/#website\"},\"datePublished\":\"2021-02-09T12:09:26+00:00\",\"dateModified\":\"2026-04-01T15:18:32+00:00\",\"breadcrumb\":{\"@id\":\"https:\/\/networks.imdea.org\/es\/annual-workshops\/#breadcrumb\"},\"inLanguage\":\"es\",\"potentialAction\":[{\"@type\":\"ReadAction\",\"target\":[[\"https:\/\/networks.imdea.org\/es\/annual-workshops\/\"]]}]},{\"@type\":\"BreadcrumbList\",\"@id\":\"https:\/\/networks.imdea.org\/es\/annual-workshops\/#breadcrumb\",\"itemListElement\":[{\"@type\":\"ListItem\",\"position\":1,\"name\":\"Home\",\"item\":\"https:\/\/networks.imdea.org\/es\/\"},{\"@type\":\"ListItem\",\"position\":2,\"name\":\"Annual Workshops\"}]},{\"@type\":\"WebSite\",\"@id\":\"https:\/\/networks.imdea.org\/es\/#website\",\"url\":\"https:\/\/networks.imdea.org\/es\/\",\"name\":\"IMDEA Networks\",\"description\":\"IMDEA Networks Multisite\",\"potentialAction\":[{\"@type\":\"SearchAction\",\"target\":{\"@type\":\"EntryPoint\",\"urlTemplate\":\"https:\/\/networks.imdea.org\/es\/?s={search_term_string}\"},\"query-input\":{\"@type\":\"PropertyValueSpecification\",\"valueRequired\":true,\"valueName\":\"search_term_string\"}}],\"inLanguage\":\"es\"}]}<\/script>\n<!-- \/ Yoast SEO plugin. -->","yoast_head_json":{"title":"Annual Workshops - IMDEA Networks","robots":{"index":"index","follow":"follow","max-snippet":"max-snippet:-1","max-image-preview":"max-image-preview:large","max-video-preview":"max-video-preview:-1"},"canonical":"https:\/\/networks.imdea.org\/es\/annual-workshops\/","og_locale":"es_ES","og_type":"article","og_title":"Annual Workshops - IMDEA Networks","og_description":"El Instituto IMDEA Networks organiza anualmente un taller tem\u00e1tico (Annual Workshop) en Madrid al que se asiste por invitaci\u00f3n. El workshop acompa\u00f1a una reuni\u00f3n de nuestro Consejo Cient\u00edfico compuesto por destacados investigadores. Adem\u00e1s de las charlas de los miembros del consejo y de nuestros investigadores, el workshop tradicionalmente cuenta con la intervenci\u00f3n de cient\u00edficos invitados....","og_url":"https:\/\/networks.imdea.org\/es\/annual-workshops\/","og_site_name":"IMDEA Networks","article_modified_time":"2026-04-01T15:18:32+00:00","twitter_card":"summary_large_image","twitter_misc":{"Tiempo de lectura":"1 minuto"},"schema":{"@context":"https:\/\/schema.org","@graph":[{"@type":"WebPage","@id":"https:\/\/networks.imdea.org\/es\/annual-workshops\/","url":"https:\/\/networks.imdea.org\/es\/annual-workshops\/","name":"Annual Workshops - IMDEA Networks","isPartOf":{"@id":"https:\/\/networks.imdea.org\/es\/#website"},"datePublished":"2021-02-09T12:09:26+00:00","dateModified":"2026-04-01T15:18:32+00:00","breadcrumb":{"@id":"https:\/\/networks.imdea.org\/es\/annual-workshops\/#breadcrumb"},"inLanguage":"es","potentialAction":[{"@type":"ReadAction","target":[["https:\/\/networks.imdea.org\/es\/annual-workshops\/"]]}]},{"@type":"BreadcrumbList","@id":"https:\/\/networks.imdea.org\/es\/annual-workshops\/#breadcrumb","itemListElement":[{"@type":"ListItem","position":1,"name":"Home","item":"https:\/\/networks.imdea.org\/es\/"},{"@type":"ListItem","position":2,"name":"Annual Workshops"}]},{"@type":"WebSite","@id":"https:\/\/networks.imdea.org\/es\/#website","url":"https:\/\/networks.imdea.org\/es\/","name":"IMDEA Networks","description":"IMDEA Networks Multisite","potentialAction":[{"@type":"SearchAction","target":{"@type":"EntryPoint","urlTemplate":"https:\/\/networks.imdea.org\/es\/?s={search_term_string}"},"query-input":{"@type":"PropertyValueSpecification","valueRequired":true,"valueName":"search_term_string"}}],"inLanguage":"es"}]}},"_links":{"self":[{"href":"https:\/\/networks.imdea.org\/es\/wp-json\/wp\/v2\/pages\/21540","targetHints":{"allow":["GET"]}}],"collection":[{"href":"https:\/\/networks.imdea.org\/es\/wp-json\/wp\/v2\/pages"}],"about":[{"href":"https:\/\/networks.imdea.org\/es\/wp-json\/wp\/v2\/types\/page"}],"author":[{"embeddable":true,"href":"https:\/\/networks.imdea.org\/es\/wp-json\/wp\/v2\/users\/284"}],"replies":[{"embeddable":true,"href":"https:\/\/networks.imdea.org\/es\/wp-json\/wp\/v2\/comments?post=21540"}],"version-history":[{"count":6,"href":"https:\/\/networks.imdea.org\/es\/wp-json\/wp\/v2\/pages\/21540\/revisions"}],"predecessor-version":[{"id":29777,"href":"https:\/\/networks.imdea.org\/es\/wp-json\/wp\/v2\/pages\/21540\/revisions\/29777"}],"wp:attachment":[{"href":"https:\/\/networks.imdea.org\/es\/wp-json\/wp\/v2\/media?parent=21540"}],"curies":[{"name":"wp","href":"https:\/\/api.w.org\/{rel}","templated":true}]}}