{"id":20613,"date":"2020-12-21T17:47:14","date_gmt":"2020-12-21T16:47:14","guid":{"rendered":"https:\/\/networks.imdea.org\/research\/projects-and-collaborations\/emprendimiento-copy\/"},"modified":"2026-02-25T12:23:35","modified_gmt":"2026-02-25T11:23:35","slug":"emprendimiento-copy","status":"publish","type":"page","link":"https:\/\/networks.imdea.org\/es\/investigacion\/proyectos-y-colaboraciones\/transferencia-de-tecnologia\/","title":{"rendered":"Transferencia de tecnolog\u00eda"},"content":{"rendered":"<p>En IMDEA Networks tenemos el potencial, la energ\u00eda y los medios para provocar cambios positivos en nuestro entorno socioecon\u00f3mico. Realizamos investigaciones con esp\u00edritu emprendedor, animadas por su potencial aplicaci\u00f3n al mercado y a la industria. Nuestros investigadores, estudiantes de doctorado, ingenieros de apoyo a la investigaci\u00f3n, red de alumni y anteriores miembros del equipo conforman una pr\u00f3spera comunidad de emprendedores en estrecho contacto con los \u00faltimos avances tecnol\u00f3gicos e ideas innovadoras.<\/p>\n<p>Investigamos, desarrollamos, ponemos a prueba e impulsamos avances cient\u00edficos que un d\u00eda pueden llegar a ser bienes, servicios, est\u00e1ndares internacionales e incluso palabras de uso com\u00fan. Colaboramos estrechamente con el mundo empresarial por medio de diversas actividades tales como consorcios de proyectos internacionales, contratos directos con la industria, actividades del laboratorio de innovaci\u00f3n 5TONIC, co-invenci\u00f3n de patentes, eventos conjuntos o iniciativas de emprendimiento. Este intercambio colaborativo nos permite adquirir el know-how, la experiencia y el compromiso con visi\u00f3n de futuro que son necesarios para armonizar las tecnolog\u00edas provenientes de nuestros laboratorios con las necesidades del mundo real.<\/p>","protected":false},"excerpt":{"rendered":"En IMDEA Networks tenemos el potencial, la energ\u00eda y los medios para provocar cambios positivos en nuestro entorno socioecon\u00f3mico. Realizamos investigaciones con esp\u00edritu emprendedor, animadas por su potencial aplicaci\u00f3n al mercado y a la industria. Nuestros investigadores, estudiantes de doctorado, ingenieros de apoyo a la investigaci\u00f3n, red de alumni y anteriores miembros del equipo conforman&#8230;","protected":false},"author":1,"featured_media":0,"parent":324,"menu_order":5,"comment_status":"closed","ping_status":"closed","template":"","meta":{"_acf_changed":false,"footnotes":""},"class_list":["post-20613","page","type-page","status-publish","hentry"],"acf":[],"yoast_head":"<!-- This site is optimized with the Yoast SEO plugin v27.1.1 - https:\/\/yoast.com\/product\/yoast-seo-wordpress\/ -->\n<title>Transferencia de tecnolog\u00eda - IMDEA Networks<\/title>\n<meta name=\"robots\" content=\"index, follow, max-snippet:-1, max-image-preview:large, max-video-preview:-1\" \/>\n<link rel=\"canonical\" href=\"https:\/\/networks.imdea.org\/es\/research\/projects-and-collaborations\/technology-transfer\/\" \/>\n<meta property=\"og:locale\" content=\"es_ES\" \/>\n<meta property=\"og:type\" content=\"article\" \/>\n<meta property=\"og:title\" content=\"Transferencia de tecnolog\u00eda - IMDEA Networks\" \/>\n<meta property=\"og:description\" content=\"En IMDEA Networks tenemos el potencial, la energ\u00eda y los medios para provocar cambios positivos en nuestro entorno socioecon\u00f3mico. Realizamos investigaciones con esp\u00edritu emprendedor, animadas por su potencial aplicaci\u00f3n al mercado y a la industria. Nuestros investigadores, estudiantes de doctorado, ingenieros de apoyo a la investigaci\u00f3n, red de alumni y anteriores miembros del equipo conforman...\" \/>\n<meta property=\"og:url\" content=\"https:\/\/networks.imdea.org\/es\/research\/projects-and-collaborations\/technology-transfer\/\" \/>\n<meta property=\"og:site_name\" content=\"IMDEA Networks\" \/>\n<meta property=\"article:modified_time\" content=\"2026-02-25T11:23:35+00:00\" \/>\n<meta name=\"twitter:card\" content=\"summary_large_image\" \/>\n<meta name=\"twitter:label1\" content=\"Tiempo de lectura\" \/>\n\t<meta name=\"twitter:data1\" content=\"1 minuto\" \/>\n<script type=\"application\/ld+json\" class=\"yoast-schema-graph\">{\"@context\":\"https:\/\/schema.org\",\"@graph\":[{\"@type\":\"WebPage\",\"@id\":\"https:\/\/networks.imdea.org\/es\/research\/projects-and-collaborations\/technology-transfer\/\",\"url\":\"https:\/\/networks.imdea.org\/es\/research\/projects-and-collaborations\/technology-transfer\/\",\"name\":\"Transferencia de tecnolog\u00eda - IMDEA Networks\",\"isPartOf\":{\"@id\":\"https:\/\/networks.imdea.org\/es\/#website\"},\"datePublished\":\"2020-12-21T16:47:14+00:00\",\"dateModified\":\"2026-02-25T11:23:35+00:00\",\"breadcrumb\":{\"@id\":\"https:\/\/networks.imdea.org\/es\/research\/projects-and-collaborations\/technology-transfer\/#breadcrumb\"},\"inLanguage\":\"es\",\"potentialAction\":[{\"@type\":\"ReadAction\",\"target\":[[\"https:\/\/networks.imdea.org\/es\/research\/projects-and-collaborations\/technology-transfer\/\"]]}]},{\"@type\":\"BreadcrumbList\",\"@id\":\"https:\/\/networks.imdea.org\/es\/research\/projects-and-collaborations\/technology-transfer\/#breadcrumb\",\"itemListElement\":[{\"@type\":\"ListItem\",\"position\":1,\"name\":\"Home\",\"item\":\"https:\/\/networks.imdea.org\/es\/\"},{\"@type\":\"ListItem\",\"position\":2,\"name\":\"Research\",\"item\":\"https:\/\/networks.imdea.org\/es\/research\/\"},{\"@type\":\"ListItem\",\"position\":3,\"name\":\"Projects and collaborations\",\"item\":\"https:\/\/networks.imdea.org\/es\/research\/projects-and-collaborations\/\"},{\"@type\":\"ListItem\",\"position\":4,\"name\":\"Technology Transfer\"}]},{\"@type\":\"WebSite\",\"@id\":\"https:\/\/networks.imdea.org\/es\/#website\",\"url\":\"https:\/\/networks.imdea.org\/es\/\",\"name\":\"IMDEA Networks\",\"description\":\"IMDEA Networks Multisite\",\"potentialAction\":[{\"@type\":\"SearchAction\",\"target\":{\"@type\":\"EntryPoint\",\"urlTemplate\":\"https:\/\/networks.imdea.org\/es\/?s={search_term_string}\"},\"query-input\":{\"@type\":\"PropertyValueSpecification\",\"valueRequired\":true,\"valueName\":\"search_term_string\"}}],\"inLanguage\":\"es\"}]}<\/script>\n<!-- \/ Yoast SEO plugin. -->","yoast_head_json":{"title":"Transferencia de tecnolog\u00eda - IMDEA Networks","robots":{"index":"index","follow":"follow","max-snippet":"max-snippet:-1","max-image-preview":"max-image-preview:large","max-video-preview":"max-video-preview:-1"},"canonical":"https:\/\/networks.imdea.org\/es\/research\/projects-and-collaborations\/technology-transfer\/","og_locale":"es_ES","og_type":"article","og_title":"Transferencia de tecnolog\u00eda - IMDEA Networks","og_description":"En IMDEA Networks tenemos el potencial, la energ\u00eda y los medios para provocar cambios positivos en nuestro entorno socioecon\u00f3mico. Realizamos investigaciones con esp\u00edritu emprendedor, animadas por su potencial aplicaci\u00f3n al mercado y a la industria. Nuestros investigadores, estudiantes de doctorado, ingenieros de apoyo a la investigaci\u00f3n, red de alumni y anteriores miembros del equipo conforman...","og_url":"https:\/\/networks.imdea.org\/es\/research\/projects-and-collaborations\/technology-transfer\/","og_site_name":"IMDEA Networks","article_modified_time":"2026-02-25T11:23:35+00:00","twitter_card":"summary_large_image","twitter_misc":{"Tiempo de lectura":"1 minuto"},"schema":{"@context":"https:\/\/schema.org","@graph":[{"@type":"WebPage","@id":"https:\/\/networks.imdea.org\/es\/research\/projects-and-collaborations\/technology-transfer\/","url":"https:\/\/networks.imdea.org\/es\/research\/projects-and-collaborations\/technology-transfer\/","name":"Transferencia de tecnolog\u00eda - IMDEA Networks","isPartOf":{"@id":"https:\/\/networks.imdea.org\/es\/#website"},"datePublished":"2020-12-21T16:47:14+00:00","dateModified":"2026-02-25T11:23:35+00:00","breadcrumb":{"@id":"https:\/\/networks.imdea.org\/es\/research\/projects-and-collaborations\/technology-transfer\/#breadcrumb"},"inLanguage":"es","potentialAction":[{"@type":"ReadAction","target":[["https:\/\/networks.imdea.org\/es\/research\/projects-and-collaborations\/technology-transfer\/"]]}]},{"@type":"BreadcrumbList","@id":"https:\/\/networks.imdea.org\/es\/research\/projects-and-collaborations\/technology-transfer\/#breadcrumb","itemListElement":[{"@type":"ListItem","position":1,"name":"Home","item":"https:\/\/networks.imdea.org\/es\/"},{"@type":"ListItem","position":2,"name":"Research","item":"https:\/\/networks.imdea.org\/es\/research\/"},{"@type":"ListItem","position":3,"name":"Projects and collaborations","item":"https:\/\/networks.imdea.org\/es\/research\/projects-and-collaborations\/"},{"@type":"ListItem","position":4,"name":"Technology Transfer"}]},{"@type":"WebSite","@id":"https:\/\/networks.imdea.org\/es\/#website","url":"https:\/\/networks.imdea.org\/es\/","name":"IMDEA Networks","description":"IMDEA Networks Multisite","potentialAction":[{"@type":"SearchAction","target":{"@type":"EntryPoint","urlTemplate":"https:\/\/networks.imdea.org\/es\/?s={search_term_string}"},"query-input":{"@type":"PropertyValueSpecification","valueRequired":true,"valueName":"search_term_string"}}],"inLanguage":"es"}]}},"_links":{"self":[{"href":"https:\/\/networks.imdea.org\/es\/wp-json\/wp\/v2\/pages\/20613","targetHints":{"allow":["GET"]}}],"collection":[{"href":"https:\/\/networks.imdea.org\/es\/wp-json\/wp\/v2\/pages"}],"about":[{"href":"https:\/\/networks.imdea.org\/es\/wp-json\/wp\/v2\/types\/page"}],"author":[{"embeddable":true,"href":"https:\/\/networks.imdea.org\/es\/wp-json\/wp\/v2\/users\/1"}],"replies":[{"embeddable":true,"href":"https:\/\/networks.imdea.org\/es\/wp-json\/wp\/v2\/comments?post=20613"}],"version-history":[{"count":7,"href":"https:\/\/networks.imdea.org\/es\/wp-json\/wp\/v2\/pages\/20613\/revisions"}],"predecessor-version":[{"id":29698,"href":"https:\/\/networks.imdea.org\/es\/wp-json\/wp\/v2\/pages\/20613\/revisions\/29698"}],"up":[{"embeddable":true,"href":"https:\/\/networks.imdea.org\/es\/wp-json\/wp\/v2\/pages\/324"}],"wp:attachment":[{"href":"https:\/\/networks.imdea.org\/es\/wp-json\/wp\/v2\/media?parent=20613"}],"curies":[{"name":"wp","href":"https:\/\/api.w.org\/{rel}","templated":true}]}}