{"id":18961,"date":"2020-12-01T10:59:21","date_gmt":"2020-12-01T09:59:21","guid":{"rendered":"https:\/\/networks.imdea.org\/?page_id=18961"},"modified":"2026-03-05T10:33:58","modified_gmt":"2026-03-05T09:33:58","slug":"legal-status","status":"publish","type":"page","link":"https:\/\/networks.imdea.org\/es\/figura-legal\/","title":{"rendered":"Figura legal"},"content":{"rendered":"<p>El Instituto IMDEA Networks se constituy\u00f3 legalmente, conforme a la legislaci\u00f3n espa\u00f1ola, a finales de 2006 como fundaci\u00f3n p\u00fablica sin \u00e1nimo de lucro. Est\u00e1 regido por un <a href=\"https:\/\/networks.imdea.org\/es\/organizacion\/\" target=\"_blank\" rel=\"noopener\">Patronato<\/a>, compuesto por representantes de las distintas partes interesadas del Instituto.<\/p>\n<p>La denominaci\u00f3n social completa del Instituto es Fundaci\u00f3n IMDEA Networks. El Instituto est\u00e1 inscrito en el Registro de Fundaciones de la Comunidad de Madrid, con el n\u00famero de hoja personal 476.<\/p>\n<p><strong>Datos de identificaci\u00f3n fiscal y legal:<\/strong><\/p>\n<p>Fundaci\u00f3n IMDEA Networks<br \/>\nESG84912708<br \/>\nAvenida del Mar Mediterr\u00e1neo, 22<br \/>\n28918 Legan\u00e9s, Madrid<br \/>\nSpain<\/p>","protected":false},"excerpt":{"rendered":"El Instituto IMDEA Networks se constituy\u00f3 legalmente, conforme a la legislaci\u00f3n espa\u00f1ola, a finales de 2006 como fundaci\u00f3n p\u00fablica sin \u00e1nimo de lucro. Est\u00e1 regido por un Patronato, compuesto por representantes de las distintas partes interesadas del Instituto. La denominaci\u00f3n social completa del Instituto es Fundaci\u00f3n IMDEA Networks. El Instituto est\u00e1 inscrito en el Registro&#8230;","protected":false},"author":304,"featured_media":0,"parent":0,"menu_order":0,"comment_status":"closed","ping_status":"closed","template":"","meta":{"_acf_changed":false,"footnotes":""},"class_list":["post-18961","page","type-page","status-publish","hentry"],"acf":[],"yoast_head":"<!-- This site is optimized with the Yoast SEO plugin v27.4 - https:\/\/yoast.com\/product\/yoast-seo-wordpress\/ -->\n<title>Figura legal - IMDEA Networks<\/title>\n<meta name=\"robots\" content=\"index, follow, max-snippet:-1, max-image-preview:large, max-video-preview:-1\" \/>\n<link rel=\"canonical\" href=\"https:\/\/networks.imdea.org\/es\/legal-status\/\" \/>\n<meta property=\"og:locale\" content=\"es_ES\" \/>\n<meta property=\"og:type\" content=\"article\" \/>\n<meta property=\"og:title\" content=\"Figura legal - IMDEA Networks\" \/>\n<meta property=\"og:description\" content=\"El Instituto IMDEA Networks se constituy\u00f3 legalmente, conforme a la legislaci\u00f3n espa\u00f1ola, a finales de 2006 como fundaci\u00f3n p\u00fablica sin \u00e1nimo de lucro. Est\u00e1 regido por un Patronato, compuesto por representantes de las distintas partes interesadas del Instituto. La denominaci\u00f3n social completa del Instituto es Fundaci\u00f3n IMDEA Networks. El Instituto est\u00e1 inscrito en el Registro...\" \/>\n<meta property=\"og:url\" content=\"https:\/\/networks.imdea.org\/es\/legal-status\/\" \/>\n<meta property=\"og:site_name\" content=\"IMDEA Networks\" \/>\n<meta property=\"article:modified_time\" content=\"2026-03-05T09:33:58+00:00\" \/>\n<meta name=\"twitter:card\" content=\"summary_large_image\" \/>\n<meta name=\"twitter:label1\" content=\"Tiempo de lectura\" \/>\n\t<meta name=\"twitter:data1\" content=\"1 minuto\" \/>\n<script type=\"application\/ld+json\" class=\"yoast-schema-graph\">{\"@context\":\"https:\\\/\\\/schema.org\",\"@graph\":[{\"@type\":\"WebPage\",\"@id\":\"https:\\\/\\\/networks.imdea.org\\\/es\\\/legal-status\\\/\",\"url\":\"https:\\\/\\\/networks.imdea.org\\\/es\\\/legal-status\\\/\",\"name\":\"Figura legal - IMDEA Networks\",\"isPartOf\":{\"@id\":\"https:\\\/\\\/networks.imdea.org\\\/es\\\/#website\"},\"datePublished\":\"2020-12-01T09:59:21+00:00\",\"dateModified\":\"2026-03-05T09:33:58+00:00\",\"breadcrumb\":{\"@id\":\"https:\\\/\\\/networks.imdea.org\\\/es\\\/legal-status\\\/#breadcrumb\"},\"inLanguage\":\"es\",\"potentialAction\":[{\"@type\":\"ReadAction\",\"target\":[[\"https:\\\/\\\/networks.imdea.org\\\/es\\\/legal-status\\\/\"]]}]},{\"@type\":\"BreadcrumbList\",\"@id\":\"https:\\\/\\\/networks.imdea.org\\\/es\\\/legal-status\\\/#breadcrumb\",\"itemListElement\":[{\"@type\":\"ListItem\",\"position\":1,\"name\":\"Home\",\"item\":\"https:\\\/\\\/networks.imdea.org\\\/es\\\/\"},{\"@type\":\"ListItem\",\"position\":2,\"name\":\"Legal Status\"}]},{\"@type\":\"WebSite\",\"@id\":\"https:\\\/\\\/networks.imdea.org\\\/es\\\/#website\",\"url\":\"https:\\\/\\\/networks.imdea.org\\\/es\\\/\",\"name\":\"IMDEA Networks\",\"description\":\"IMDEA Networks Multisite\",\"potentialAction\":[{\"@type\":\"SearchAction\",\"target\":{\"@type\":\"EntryPoint\",\"urlTemplate\":\"https:\\\/\\\/networks.imdea.org\\\/es\\\/?s={search_term_string}\"},\"query-input\":{\"@type\":\"PropertyValueSpecification\",\"valueRequired\":true,\"valueName\":\"search_term_string\"}}],\"inLanguage\":\"es\"}]}<\/script>\n<!-- \/ Yoast SEO plugin. -->","yoast_head_json":{"title":"Figura legal - IMDEA Networks","robots":{"index":"index","follow":"follow","max-snippet":"max-snippet:-1","max-image-preview":"max-image-preview:large","max-video-preview":"max-video-preview:-1"},"canonical":"https:\/\/networks.imdea.org\/es\/legal-status\/","og_locale":"es_ES","og_type":"article","og_title":"Figura legal - IMDEA Networks","og_description":"El Instituto IMDEA Networks se constituy\u00f3 legalmente, conforme a la legislaci\u00f3n espa\u00f1ola, a finales de 2006 como fundaci\u00f3n p\u00fablica sin \u00e1nimo de lucro. Est\u00e1 regido por un Patronato, compuesto por representantes de las distintas partes interesadas del Instituto. La denominaci\u00f3n social completa del Instituto es Fundaci\u00f3n IMDEA Networks. El Instituto est\u00e1 inscrito en el Registro...","og_url":"https:\/\/networks.imdea.org\/es\/legal-status\/","og_site_name":"IMDEA Networks","article_modified_time":"2026-03-05T09:33:58+00:00","twitter_card":"summary_large_image","twitter_misc":{"Tiempo de lectura":"1 minuto"},"schema":{"@context":"https:\/\/schema.org","@graph":[{"@type":"WebPage","@id":"https:\/\/networks.imdea.org\/es\/legal-status\/","url":"https:\/\/networks.imdea.org\/es\/legal-status\/","name":"Figura legal - IMDEA Networks","isPartOf":{"@id":"https:\/\/networks.imdea.org\/es\/#website"},"datePublished":"2020-12-01T09:59:21+00:00","dateModified":"2026-03-05T09:33:58+00:00","breadcrumb":{"@id":"https:\/\/networks.imdea.org\/es\/legal-status\/#breadcrumb"},"inLanguage":"es","potentialAction":[{"@type":"ReadAction","target":[["https:\/\/networks.imdea.org\/es\/legal-status\/"]]}]},{"@type":"BreadcrumbList","@id":"https:\/\/networks.imdea.org\/es\/legal-status\/#breadcrumb","itemListElement":[{"@type":"ListItem","position":1,"name":"Home","item":"https:\/\/networks.imdea.org\/es\/"},{"@type":"ListItem","position":2,"name":"Legal Status"}]},{"@type":"WebSite","@id":"https:\/\/networks.imdea.org\/es\/#website","url":"https:\/\/networks.imdea.org\/es\/","name":"IMDEA Networks","description":"IMDEA Networks Multisite","potentialAction":[{"@type":"SearchAction","target":{"@type":"EntryPoint","urlTemplate":"https:\/\/networks.imdea.org\/es\/?s={search_term_string}"},"query-input":{"@type":"PropertyValueSpecification","valueRequired":true,"valueName":"search_term_string"}}],"inLanguage":"es"}]}},"_links":{"self":[{"href":"https:\/\/networks.imdea.org\/es\/wp-json\/wp\/v2\/pages\/18961","targetHints":{"allow":["GET"]}}],"collection":[{"href":"https:\/\/networks.imdea.org\/es\/wp-json\/wp\/v2\/pages"}],"about":[{"href":"https:\/\/networks.imdea.org\/es\/wp-json\/wp\/v2\/types\/page"}],"author":[{"embeddable":true,"href":"https:\/\/networks.imdea.org\/es\/wp-json\/wp\/v2\/users\/304"}],"replies":[{"embeddable":true,"href":"https:\/\/networks.imdea.org\/es\/wp-json\/wp\/v2\/comments?post=18961"}],"version-history":[{"count":4,"href":"https:\/\/networks.imdea.org\/es\/wp-json\/wp\/v2\/pages\/18961\/revisions"}],"predecessor-version":[{"id":29718,"href":"https:\/\/networks.imdea.org\/es\/wp-json\/wp\/v2\/pages\/18961\/revisions\/29718"}],"wp:attachment":[{"href":"https:\/\/networks.imdea.org\/es\/wp-json\/wp\/v2\/media?parent=18961"}],"curies":[{"name":"wp","href":"https:\/\/api.w.org\/{rel}","templated":true}]}}