{"id":18872,"date":"2020-11-24T11:05:46","date_gmt":"2020-11-24T10:05:46","guid":{"rendered":"https:\/\/networks.imdea.org\/?page_id=18872"},"modified":"2020-11-24T11:05:46","modified_gmt":"2020-11-24T10:05:46","slug":"our-goals-and-values","status":"publish","type":"page","link":"https:\/\/networks.imdea.org\/es\/nuestras-metas-y-valores\/","title":{"rendered":"Nuestras metas y valores"},"content":{"rendered":"<p><\/p>\n<h2>Nuestros Objetivos Estrat\u00e9gicos<\/h2>\n<p>Los objetivos estrat\u00e9gicos del Instituto son:<\/p>\n<ul>\n<li>Investigaci\u00f3n de excelencia a nivel internacional en el \u00e1mbito de la ingenier\u00eda de redes de ordenadores.<\/li>\n<li>Transferencia de tecnolog\u00eda a las industrias de nuestro entorno, para mejorar su capacidad para la innovaci\u00f3n y competitividad.<\/li>\n<li>Transferencia de tecnolog\u00eda a empresas de nueva creaci\u00f3n (\u00abspin-offs\u00bb) para promover el lanzamiento de nuevos productos y servicios al mercado global.<\/li>\n<li>Captaci\u00f3n y retenci\u00f3n de capital humano de excelencia con objeto de internacionalizar la investigaci\u00f3n en la Comunidad de Madrid.<\/li>\n<li>Colaboraci\u00f3n con el sector industrial, los organismos de investigaci\u00f3n y las instituciones educativas de Madrid.<\/li>\n<\/ul>\n<p>&nbsp;<\/p>\n<h2>Nuestra Visi\u00f3n<\/h2>\n<p>IMDEA Networks se centra en un \u00e1rea que tiene un\u00a0<strong>profundo impacto en la vida de las personas<\/strong>. En las \u00faltimas d\u00e9cadas, Internet, los tel\u00e9fonos inteligentes, Wi-Fi y las redes sociales han transformado la sociedad y la econom\u00eda. De hecho,\u00a0<strong>el acceso generalizado a las redes<\/strong>\u00a0ha cambiado dr\u00e1sticamente c\u00f3mo los fabricantes producen y suministran productos, c\u00f3mo operan las administraciones p\u00fablicas, c\u00f3mo trabajan los profesionales y, en general, c\u00f3mo evoluciona la sociedad y sus individuos.\u00a0<strong>Internet como fen\u00f3meno socioecon\u00f3mico<\/strong>\u00a0contin\u00faa transformando nuestras vidas a un ritmo incre\u00edble, y seguir\u00e1 haci\u00e9ndolo tambi\u00e9n en el futuro con el despliegue de nuevas tecnolog\u00edas y paradigmas de comunicaci\u00f3n.<\/p>\n<p>&nbsp;<\/p>\n<h2>Nuestra Misi\u00f3n<\/h2>\n<p>Nuestra misi\u00f3n es la creaci\u00f3n de valor por medio de la<strong>\u00a0investigaci\u00f3n puntera para el desarrollo de protocolos, algoritmos y sistemas<\/strong>\u00a0que posibiliten la\u00a0<strong>sociedad digital del conocimiento<\/strong>. Llevamos a cabo esta misi\u00f3n por medio de la investigaci\u00f3n y el desarrollo de avances cient\u00edfico-t\u00e9cnicos innovadores y \u00fatiles en dichas \u00e1reas, al tiempo que\u00a0<strong>promovemos activamente su transferencia al mercado<\/strong>. El Instituto se esfuerza por proporcionar unas condiciones de trabajo \u00f3ptimas y un entorno atractivo y bien equipado para que los investigadores se puedan centrar en este proceso de resoluci\u00f3n innovadora de problemas y avance cient\u00edfico.<\/p>\n<p>&nbsp;<\/p>\n<h2>Nuestros Valores<\/h2>\n<p><strong>Un equipo culturalmente diverso<\/strong>, tal y como el de IMDEA Networks Institute, necesita Objetivos, pero tambi\u00e9n tiene que compartir valores que transciendan nuestras diferencias sociales, religiosas y culturales. Estos valores sirven para unirnos al definir como nos comportamos, tanto entre el equipo como en nuestro trato con los dem\u00e1s. Nuestros valores centrales permanecer\u00e1n constantes y ser\u00e1n promovidos activamente dentro del Instituto:<\/p>\n<ul>\n<li><strong>Estar abiertos a lo nuevo.<\/strong> La adaptaci\u00f3n continua a un entorno cambiante.<\/li>\n<li><strong>Valorar la diversidad.<\/strong> Buscamos y apreciamos los distintos puntos de vista y apreciamos el valor de la diversidad.<\/li>\n<li><strong>Pensar en positivo.<\/strong> Fomentamos el pensamiento cr\u00edtico positivo con el fin de generar soluciones m\u00e1s eficaces, no s\u00f3lo con el fin de identificar los problemas.<\/li>\n<li><strong>Actuar con integridad.<\/strong> Actuamos con integridad y honestidad, cumpliendo con nuestros compromisos a trav\u00e9s de todas nuestras interacciones. La confianza que esto genera proporciona las bases para asociaciones productivas.<\/li>\n<li><strong>Escuchar con atenci\u00f3n y hablar con claridad.<\/strong> Escuchar de forma activa a otras personas y encargarnos de explicarnos nosotros tal y como nos gustar\u00eda ser entendidos.<\/li>\n<li><strong>Respetar la brillantez individual.<\/strong> Respetamos, honramos y recompensamos las contribuciones excepcionales individuales cuando est\u00e1n al servicio de objetivos comunes.<\/li>\n<li><strong>Trabajo en equipo.<\/strong> Las contribuciones individuales son m\u00e1s fruct\u00edferas cuando se llevan a cabo en equipo. Creemos en el esp\u00edritu de equipo a la hora de desarrollar todas nuestras actividades. Y lo conseguimos identificando y persiguiendo objetivos comunes de forma abierta y honesta.<\/li>\n<li><strong>Innovaci\u00f3n continua.<\/strong> Siempre abordamos los problemas desde distintos puntos de vista. Pretendemos llevar a cabo una investigaci\u00f3n de vanguardia, no una investigaci\u00f3n acumulativa.<\/li>\n<li><strong>Competir con deportividad a nivel global.<\/strong> Nuestro juego es limpio pero intenso, seg\u00fan los niveles y principios aceptados por la comunidad cient\u00edfica. La competici\u00f3n en el mercado nos lleva a ser los mejores en nuestro campo.<\/li>\n<li><strong>Disfrutar nuestro trabajo.<\/strong> Disfrutamos lo que hacemos y compartimos esa sensaci\u00f3n con nuestros compa\u00f1eros.<\/li>\n<\/ul>\n<p>&nbsp;<\/p>\n<h2>Nuestro Credo<\/h2>\n<ul>\n<li>Creemos en la discusi\u00f3n en grupo y en ideas singulares y brillantes.<\/li>\n<li><em>No creemos en votaciones ni en comit\u00e9s. Creemos en c\u00f3digo que funcione y decisiones por consenso.<\/em>\u00a0(David D. Clark)<\/li>\n<li>Demo\u00a0o muere (tambi\u00e9n publica o perece).<\/li>\n<li><em>El genio es 1% inspiraci\u00f3n y 99% transpiraci\u00f3n.\u00a0<\/em>(T.A. Edison).<\/li>\n<\/ul>\n<p><\/p>","protected":false},"excerpt":{"rendered":"Nuestros Objetivos Estrat\u00e9gicos Los objetivos estrat\u00e9gicos del Instituto son: Investigaci\u00f3n de excelencia a nivel internacional en el \u00e1mbito de la ingenier\u00eda de redes de ordenadores. Transferencia de tecnolog\u00eda a las industrias de nuestro entorno, para mejorar su capacidad para la innovaci\u00f3n y competitividad. Transferencia de tecnolog\u00eda a empresas de nueva creaci\u00f3n (\u00abspin-offs\u00bb) para promover el&#8230;","protected":false},"author":7,"featured_media":0,"parent":0,"menu_order":0,"comment_status":"closed","ping_status":"closed","template":"","meta":{"_acf_changed":false,"footnotes":""},"class_list":["post-18872","page","type-page","status-publish","hentry"],"acf":[],"yoast_head":"<!-- This site is optimized with the Yoast SEO plugin v27.4 - https:\/\/yoast.com\/product\/yoast-seo-wordpress\/ -->\n<title>Nuestras metas y valores - IMDEA Networks<\/title>\n<meta name=\"robots\" content=\"index, follow, max-snippet:-1, max-image-preview:large, max-video-preview:-1\" \/>\n<link rel=\"canonical\" href=\"https:\/\/networks.imdea.org\/es\/our-goals-and-values\/\" \/>\n<meta property=\"og:locale\" content=\"es_ES\" \/>\n<meta property=\"og:type\" content=\"article\" \/>\n<meta property=\"og:title\" content=\"Nuestras metas y valores - IMDEA Networks\" \/>\n<meta property=\"og:description\" content=\"Nuestros Objetivos Estrat\u00e9gicos Los objetivos estrat\u00e9gicos del Instituto son: Investigaci\u00f3n de excelencia a nivel internacional en el \u00e1mbito de la ingenier\u00eda de redes de ordenadores. Transferencia de tecnolog\u00eda a las industrias de nuestro entorno, para mejorar su capacidad para la innovaci\u00f3n y competitividad. Transferencia de tecnolog\u00eda a empresas de nueva creaci\u00f3n (\u00abspin-offs\u00bb) para promover el...\" \/>\n<meta property=\"og:url\" content=\"https:\/\/networks.imdea.org\/es\/our-goals-and-values\/\" \/>\n<meta property=\"og:site_name\" content=\"IMDEA Networks\" \/>\n<meta name=\"twitter:card\" content=\"summary_large_image\" \/>\n<meta name=\"twitter:label1\" content=\"Tiempo de lectura\" \/>\n\t<meta name=\"twitter:data1\" content=\"7 minutos\" \/>\n<script type=\"application\/ld+json\" class=\"yoast-schema-graph\">{\"@context\":\"https:\\\/\\\/schema.org\",\"@graph\":[{\"@type\":\"WebPage\",\"@id\":\"https:\\\/\\\/networks.imdea.org\\\/es\\\/our-goals-and-values\\\/\",\"url\":\"https:\\\/\\\/networks.imdea.org\\\/es\\\/our-goals-and-values\\\/\",\"name\":\"Nuestras metas y valores - IMDEA Networks\",\"isPartOf\":{\"@id\":\"https:\\\/\\\/networks.imdea.org\\\/es\\\/#website\"},\"datePublished\":\"2020-11-24T10:05:46+00:00\",\"breadcrumb\":{\"@id\":\"https:\\\/\\\/networks.imdea.org\\\/es\\\/our-goals-and-values\\\/#breadcrumb\"},\"inLanguage\":\"es\",\"potentialAction\":[{\"@type\":\"ReadAction\",\"target\":[[\"https:\\\/\\\/networks.imdea.org\\\/es\\\/our-goals-and-values\\\/\"]]}]},{\"@type\":\"BreadcrumbList\",\"@id\":\"https:\\\/\\\/networks.imdea.org\\\/es\\\/our-goals-and-values\\\/#breadcrumb\",\"itemListElement\":[{\"@type\":\"ListItem\",\"position\":1,\"name\":\"Home\",\"item\":\"https:\\\/\\\/networks.imdea.org\\\/es\\\/\"},{\"@type\":\"ListItem\",\"position\":2,\"name\":\"Our Goals and Values\"}]},{\"@type\":\"WebSite\",\"@id\":\"https:\\\/\\\/networks.imdea.org\\\/es\\\/#website\",\"url\":\"https:\\\/\\\/networks.imdea.org\\\/es\\\/\",\"name\":\"IMDEA Networks\",\"description\":\"IMDEA Networks Multisite\",\"potentialAction\":[{\"@type\":\"SearchAction\",\"target\":{\"@type\":\"EntryPoint\",\"urlTemplate\":\"https:\\\/\\\/networks.imdea.org\\\/es\\\/?s={search_term_string}\"},\"query-input\":{\"@type\":\"PropertyValueSpecification\",\"valueRequired\":true,\"valueName\":\"search_term_string\"}}],\"inLanguage\":\"es\"}]}<\/script>\n<!-- \/ Yoast SEO plugin. -->","yoast_head_json":{"title":"Nuestras metas y valores - IMDEA Networks","robots":{"index":"index","follow":"follow","max-snippet":"max-snippet:-1","max-image-preview":"max-image-preview:large","max-video-preview":"max-video-preview:-1"},"canonical":"https:\/\/networks.imdea.org\/es\/our-goals-and-values\/","og_locale":"es_ES","og_type":"article","og_title":"Nuestras metas y valores - IMDEA Networks","og_description":"Nuestros Objetivos Estrat\u00e9gicos Los objetivos estrat\u00e9gicos del Instituto son: Investigaci\u00f3n de excelencia a nivel internacional en el \u00e1mbito de la ingenier\u00eda de redes de ordenadores. Transferencia de tecnolog\u00eda a las industrias de nuestro entorno, para mejorar su capacidad para la innovaci\u00f3n y competitividad. Transferencia de tecnolog\u00eda a empresas de nueva creaci\u00f3n (\u00abspin-offs\u00bb) para promover el...","og_url":"https:\/\/networks.imdea.org\/es\/our-goals-and-values\/","og_site_name":"IMDEA Networks","twitter_card":"summary_large_image","twitter_misc":{"Tiempo de lectura":"7 minutos"},"schema":{"@context":"https:\/\/schema.org","@graph":[{"@type":"WebPage","@id":"https:\/\/networks.imdea.org\/es\/our-goals-and-values\/","url":"https:\/\/networks.imdea.org\/es\/our-goals-and-values\/","name":"Nuestras metas y valores - IMDEA Networks","isPartOf":{"@id":"https:\/\/networks.imdea.org\/es\/#website"},"datePublished":"2020-11-24T10:05:46+00:00","breadcrumb":{"@id":"https:\/\/networks.imdea.org\/es\/our-goals-and-values\/#breadcrumb"},"inLanguage":"es","potentialAction":[{"@type":"ReadAction","target":[["https:\/\/networks.imdea.org\/es\/our-goals-and-values\/"]]}]},{"@type":"BreadcrumbList","@id":"https:\/\/networks.imdea.org\/es\/our-goals-and-values\/#breadcrumb","itemListElement":[{"@type":"ListItem","position":1,"name":"Home","item":"https:\/\/networks.imdea.org\/es\/"},{"@type":"ListItem","position":2,"name":"Our Goals and Values"}]},{"@type":"WebSite","@id":"https:\/\/networks.imdea.org\/es\/#website","url":"https:\/\/networks.imdea.org\/es\/","name":"IMDEA Networks","description":"IMDEA Networks Multisite","potentialAction":[{"@type":"SearchAction","target":{"@type":"EntryPoint","urlTemplate":"https:\/\/networks.imdea.org\/es\/?s={search_term_string}"},"query-input":{"@type":"PropertyValueSpecification","valueRequired":true,"valueName":"search_term_string"}}],"inLanguage":"es"}]}},"_links":{"self":[{"href":"https:\/\/networks.imdea.org\/es\/wp-json\/wp\/v2\/pages\/18872","targetHints":{"allow":["GET"]}}],"collection":[{"href":"https:\/\/networks.imdea.org\/es\/wp-json\/wp\/v2\/pages"}],"about":[{"href":"https:\/\/networks.imdea.org\/es\/wp-json\/wp\/v2\/types\/page"}],"author":[{"embeddable":true,"href":"https:\/\/networks.imdea.org\/es\/wp-json\/wp\/v2\/users\/7"}],"replies":[{"embeddable":true,"href":"https:\/\/networks.imdea.org\/es\/wp-json\/wp\/v2\/comments?post=18872"}],"version-history":[{"count":1,"href":"https:\/\/networks.imdea.org\/es\/wp-json\/wp\/v2\/pages\/18872\/revisions"}],"predecessor-version":[{"id":18873,"href":"https:\/\/networks.imdea.org\/es\/wp-json\/wp\/v2\/pages\/18872\/revisions\/18873"}],"wp:attachment":[{"href":"https:\/\/networks.imdea.org\/es\/wp-json\/wp\/v2\/media?parent=18872"}],"curies":[{"name":"wp","href":"https:\/\/api.w.org\/{rel}","templated":true}]}}