{"id":12363,"date":"2020-04-08T19:14:44","date_gmt":"2020-04-08T17:14:44","guid":{"rendered":"https:\/\/networks.imdea.org\/es\/?page_id=12363"},"modified":"2022-04-13T10:18:49","modified_gmt":"2022-04-13T08:18:49","slug":"rd-awards","status":"publish","type":"page","link":"https:\/\/networks.imdea.org\/es\/investigacion\/premios\/premios-id\/","title":{"rendered":"Premios I+D"},"content":{"rendered":"<p>Varios miembros de nuestro equipo de investigaci\u00f3n han recibido premios relacionados con sus actividades de Investigaci\u00f3n y Desarrollo. En algunos casos el premio es el resultado de la colaboraci\u00f3n conjunta con cient\u00edficos de otras organizaciones. Estos premios se enumeran comenzando por el m\u00e1s reciente:<\/p>","protected":false},"excerpt":{"rendered":"Varios miembros de nuestro equipo de investigaci\u00f3n han recibido premios relacionados con sus actividades de Investigaci\u00f3n y Desarrollo. En algunos casos el premio es el resultado de la colaboraci\u00f3n conjunta con cient\u00edficos de otras organizaciones. Estos premios se enumeran comenzando por el m\u00e1s reciente:","protected":false},"author":145,"featured_media":0,"parent":435,"menu_order":0,"comment_status":"closed","ping_status":"closed","template":"","meta":{"_acf_changed":false,"footnotes":""},"class_list":["post-12363","page","type-page","status-publish","hentry"],"acf":[],"yoast_head":"<!-- This site is optimized with the Yoast SEO plugin v27.1.1 - https:\/\/yoast.com\/product\/yoast-seo-wordpress\/ -->\n<title>Premios I+D - IMDEA Networks<\/title>\n<meta name=\"robots\" content=\"index, follow, max-snippet:-1, max-image-preview:large, max-video-preview:-1\" \/>\n<link rel=\"canonical\" href=\"https:\/\/networks.imdea.org\/es\/research\/awards\/rd-awards\/\" \/>\n<meta property=\"og:locale\" content=\"es_ES\" \/>\n<meta property=\"og:type\" content=\"article\" \/>\n<meta property=\"og:title\" content=\"Premios I+D - IMDEA Networks\" \/>\n<meta property=\"og:description\" content=\"Varios miembros de nuestro equipo de investigaci\u00f3n han recibido premios relacionados con sus actividades de Investigaci\u00f3n y Desarrollo. En algunos casos el premio es el resultado de la colaboraci\u00f3n conjunta con cient\u00edficos de otras organizaciones. Estos premios se enumeran comenzando por el m\u00e1s reciente:\" \/>\n<meta property=\"og:url\" content=\"https:\/\/networks.imdea.org\/es\/research\/awards\/rd-awards\/\" \/>\n<meta property=\"og:site_name\" content=\"IMDEA Networks\" \/>\n<meta property=\"article:modified_time\" content=\"2022-04-13T08:18:49+00:00\" \/>\n<meta name=\"twitter:card\" content=\"summary_large_image\" \/>\n<meta name=\"twitter:label1\" content=\"Tiempo de lectura\" \/>\n\t<meta name=\"twitter:data1\" content=\"1 minuto\" \/>\n<script type=\"application\/ld+json\" class=\"yoast-schema-graph\">{\"@context\":\"https:\/\/schema.org\",\"@graph\":[{\"@type\":\"WebPage\",\"@id\":\"https:\/\/networks.imdea.org\/es\/research\/awards\/rd-awards\/\",\"url\":\"https:\/\/networks.imdea.org\/es\/research\/awards\/rd-awards\/\",\"name\":\"Premios I+D - IMDEA Networks\",\"isPartOf\":{\"@id\":\"https:\/\/networks.imdea.org\/es\/#website\"},\"datePublished\":\"2020-04-08T17:14:44+00:00\",\"dateModified\":\"2022-04-13T08:18:49+00:00\",\"breadcrumb\":{\"@id\":\"https:\/\/networks.imdea.org\/es\/research\/awards\/rd-awards\/#breadcrumb\"},\"inLanguage\":\"es\",\"potentialAction\":[{\"@type\":\"ReadAction\",\"target\":[[\"https:\/\/networks.imdea.org\/es\/research\/awards\/rd-awards\/\"]]}]},{\"@type\":\"BreadcrumbList\",\"@id\":\"https:\/\/networks.imdea.org\/es\/research\/awards\/rd-awards\/#breadcrumb\",\"itemListElement\":[{\"@type\":\"ListItem\",\"position\":1,\"name\":\"Home\",\"item\":\"https:\/\/networks.imdea.org\/es\/\"},{\"@type\":\"ListItem\",\"position\":2,\"name\":\"Research\",\"item\":\"https:\/\/networks.imdea.org\/es\/research\/\"},{\"@type\":\"ListItem\",\"position\":3,\"name\":\"Awards\",\"item\":\"https:\/\/networks.imdea.org\/es\/research\/awards\/\"},{\"@type\":\"ListItem\",\"position\":4,\"name\":\"R&#038;D Awards\"}]},{\"@type\":\"WebSite\",\"@id\":\"https:\/\/networks.imdea.org\/es\/#website\",\"url\":\"https:\/\/networks.imdea.org\/es\/\",\"name\":\"IMDEA Networks\",\"description\":\"IMDEA Networks Multisite\",\"potentialAction\":[{\"@type\":\"SearchAction\",\"target\":{\"@type\":\"EntryPoint\",\"urlTemplate\":\"https:\/\/networks.imdea.org\/es\/?s={search_term_string}\"},\"query-input\":{\"@type\":\"PropertyValueSpecification\",\"valueRequired\":true,\"valueName\":\"search_term_string\"}}],\"inLanguage\":\"es\"}]}<\/script>\n<!-- \/ Yoast SEO plugin. -->","yoast_head_json":{"title":"Premios I+D - IMDEA Networks","robots":{"index":"index","follow":"follow","max-snippet":"max-snippet:-1","max-image-preview":"max-image-preview:large","max-video-preview":"max-video-preview:-1"},"canonical":"https:\/\/networks.imdea.org\/es\/research\/awards\/rd-awards\/","og_locale":"es_ES","og_type":"article","og_title":"Premios I+D - IMDEA Networks","og_description":"Varios miembros de nuestro equipo de investigaci\u00f3n han recibido premios relacionados con sus actividades de Investigaci\u00f3n y Desarrollo. En algunos casos el premio es el resultado de la colaboraci\u00f3n conjunta con cient\u00edficos de otras organizaciones. Estos premios se enumeran comenzando por el m\u00e1s reciente:","og_url":"https:\/\/networks.imdea.org\/es\/research\/awards\/rd-awards\/","og_site_name":"IMDEA Networks","article_modified_time":"2022-04-13T08:18:49+00:00","twitter_card":"summary_large_image","twitter_misc":{"Tiempo de lectura":"1 minuto"},"schema":{"@context":"https:\/\/schema.org","@graph":[{"@type":"WebPage","@id":"https:\/\/networks.imdea.org\/es\/research\/awards\/rd-awards\/","url":"https:\/\/networks.imdea.org\/es\/research\/awards\/rd-awards\/","name":"Premios I+D - IMDEA Networks","isPartOf":{"@id":"https:\/\/networks.imdea.org\/es\/#website"},"datePublished":"2020-04-08T17:14:44+00:00","dateModified":"2022-04-13T08:18:49+00:00","breadcrumb":{"@id":"https:\/\/networks.imdea.org\/es\/research\/awards\/rd-awards\/#breadcrumb"},"inLanguage":"es","potentialAction":[{"@type":"ReadAction","target":[["https:\/\/networks.imdea.org\/es\/research\/awards\/rd-awards\/"]]}]},{"@type":"BreadcrumbList","@id":"https:\/\/networks.imdea.org\/es\/research\/awards\/rd-awards\/#breadcrumb","itemListElement":[{"@type":"ListItem","position":1,"name":"Home","item":"https:\/\/networks.imdea.org\/es\/"},{"@type":"ListItem","position":2,"name":"Research","item":"https:\/\/networks.imdea.org\/es\/research\/"},{"@type":"ListItem","position":3,"name":"Awards","item":"https:\/\/networks.imdea.org\/es\/research\/awards\/"},{"@type":"ListItem","position":4,"name":"R&#038;D Awards"}]},{"@type":"WebSite","@id":"https:\/\/networks.imdea.org\/es\/#website","url":"https:\/\/networks.imdea.org\/es\/","name":"IMDEA Networks","description":"IMDEA Networks Multisite","potentialAction":[{"@type":"SearchAction","target":{"@type":"EntryPoint","urlTemplate":"https:\/\/networks.imdea.org\/es\/?s={search_term_string}"},"query-input":{"@type":"PropertyValueSpecification","valueRequired":true,"valueName":"search_term_string"}}],"inLanguage":"es"}]}},"_links":{"self":[{"href":"https:\/\/networks.imdea.org\/es\/wp-json\/wp\/v2\/pages\/12363","targetHints":{"allow":["GET"]}}],"collection":[{"href":"https:\/\/networks.imdea.org\/es\/wp-json\/wp\/v2\/pages"}],"about":[{"href":"https:\/\/networks.imdea.org\/es\/wp-json\/wp\/v2\/types\/page"}],"author":[{"embeddable":true,"href":"https:\/\/networks.imdea.org\/es\/wp-json\/wp\/v2\/users\/145"}],"replies":[{"embeddable":true,"href":"https:\/\/networks.imdea.org\/es\/wp-json\/wp\/v2\/comments?post=12363"}],"version-history":[{"count":5,"href":"https:\/\/networks.imdea.org\/es\/wp-json\/wp\/v2\/pages\/12363\/revisions"}],"predecessor-version":[{"id":24941,"href":"https:\/\/networks.imdea.org\/es\/wp-json\/wp\/v2\/pages\/12363\/revisions\/24941"}],"up":[{"embeddable":true,"href":"https:\/\/networks.imdea.org\/es\/wp-json\/wp\/v2\/pages\/435"}],"wp:attachment":[{"href":"https:\/\/networks.imdea.org\/es\/wp-json\/wp\/v2\/media?parent=12363"}],"curies":[{"name":"wp","href":"https:\/\/api.w.org\/{rel}","templated":true}]}}